{"id":1003,"date":"2019-01-14T13:59:40","date_gmt":"2019-01-14T13:59:40","guid":{"rendered":"https:\/\/furrer-uebersetzungen.ch\/WP\/?page_id=1003"},"modified":"2024-02-07T23:22:36","modified_gmt":"2024-02-07T22:22:36","slug":"impressum-2","status":"publish","type":"page","link":"https:\/\/furrer-uebersetzungen.ch\/WP\/impressum-2\/","title":{"rendered":"Impressum"},"content":{"rendered":"\n<p><strong>Kontakt-Adresse<\/strong><\/p>\n\n\n\n<p>Furrer \u00dcbersetzungen<br>Anna Furrer <br>Schweizeraustrasse 44<br>4132 Muttenz<br>Schweiz<\/p>\n\n\n\n<p>E-Mail: <a href=\"mailto:info@furrer-uebersetzungen.ch\">info@furrer-uebersetzungen.ch<\/a><\/p>\n\n\n\n<p><strong>Vertretungsberechtigte Person(en)<\/strong><\/p>\n\n\n\n<p>Anna Furrer Knechtli, Inhaberin<\/p>\n\n\n\n<p><strong>Haftungsausschluss<\/strong><\/p>\n\n\n\n<p>Der Autor \u00fcbernimmt keinerlei Gew\u00e4hr\nhinsichtlich der inhaltlichen Richtigkeit, Genauigkeit, Aktualit\u00e4t,\nZuverl\u00e4ssigkeit und Vollst\u00e4ndigkeit der Informationen.<\/p>\n\n\n\n<p>Haftungsanspr\u00fcche gegen den Autor wegen Sch\u00e4den\nmaterieller oder immaterieller Art, welche aus dem Zugriff oder der Nutzung\nbzw. Nichtnutzung der ver\u00f6ffentlichten Informationen, durch Missbrauch der\nVerbindung oder durch technische St\u00f6rungen entstanden sind, werden\nausgeschlossen.<\/p>\n\n\n\n<p>Alle Angebote sind unverbindlich. Der Autor beh\u00e4lt\nes sich ausdr\u00fccklich vor, Teile der Seiten oder das gesamte Angebot ohne\nbesondere Ank\u00fcndigung zu ver\u00e4ndern, zu erg\u00e4nzen, zu l\u00f6schen oder die\nVer\u00f6ffentlichung zeitweise oder endg\u00fcltig einzustellen.<\/p>\n\n\n\n<p><strong>Haftungsausschluss f\u00fcr Links<\/strong><\/p>\n\n\n\n<p>Verweise und Links auf Webseiten Dritter liegen\nausserhalb unseres Verantwortungsbereichs. Es wird jegliche Verantwortung f\u00fcr\nsolche Webseiten abgelehnt. Der Zugriff und die Nutzung solcher Webseiten\nerfolgen auf eigene Gefahr des jeweiligen Nutzers.<\/p>\n\n\n\n<p><strong>Urheberrechte<\/strong><\/p>\n\n\n\n<p>Die Urheber- und alle anderen Rechte an Inhalten,\nBildern, Fotos oder anderen Dateien auf dieser Website, geh\u00f6ren ausschliesslich\n<strong>Anna Furrer Knechtli<\/strong> oder den speziell genannten Rechteinhabern. F\u00fcr die\nReproduktion jeglicher Elemente ist die schriftliche Zustimmung des\nUrheberrechtstr\u00e4gers im Voraus einzuholen.<\/p>\n\n\n\n<p>Quelle: <a href=\"https:\/\/www.swissanwalt.ch\/impressum-generator.aspx\" target=\"_blank\" rel=\"noreferrer noopener\">Imperessum-Generator\nvon SwissAnwalt<\/a><br><\/p>\n","protected":false},"excerpt":{"rendered":"<p>Kontakt-Adresse Furrer \u00dcbersetzungenAnna Furrer Schweizeraustrasse 444132 MuttenzSchweiz E-Mail: info@furrer-uebersetzungen.ch Vertretungsberechtigte Person(en) Anna Furrer Knechtli, Inhaberin Haftungsausschluss Der Autor \u00fcbernimmt keinerlei Gew\u00e4hr hinsichtlich der inhaltlichen Richtigkeit,<\/p>\n","protected":false},"author":1,"featured_media":0,"parent":0,"menu_order":0,"comment_status":"closed","ping_status":"closed","template":"","meta":[],"yoast_head":"<!-- This site is optimized with the Yoast SEO plugin v18.2 - https:\/\/yoast.com\/wordpress\/plugins\/seo\/ -->\n<title>Impressum - Furrer \u00dcbersetzungen<\/title>\n<meta name=\"description\" content=\"\u00dcbersetzungsb\u00fcro in Basel\" \/>\n<meta name=\"robots\" content=\"index, follow, max-snippet:-1, max-image-preview:large, max-video-preview:-1\" \/>\n<link rel=\"canonical\" href=\"https:\/\/furrer-uebersetzungen.ch\/WP\/impressum-2\/\" \/>\n<meta property=\"og:locale\" content=\"de_DE\" \/>\n<meta property=\"og:type\" content=\"article\" \/>\n<meta property=\"og:title\" content=\"Impressum - Furrer \u00dcbersetzungen\" \/>\n<meta property=\"og:description\" content=\"\u00dcbersetzungsb\u00fcro in Basel\" \/>\n<meta property=\"og:url\" content=\"https:\/\/furrer-uebersetzungen.ch\/WP\/impressum-2\/\" \/>\n<meta property=\"og:site_name\" content=\"Furrer \u00dcbersetzungen\" \/>\n<meta property=\"article:modified_time\" content=\"2024-02-07T22:22:36+00:00\" \/>\n<meta name=\"twitter:card\" content=\"summary_large_image\" \/>\n<meta name=\"twitter:label1\" content=\"Gesch\u00e4tzte Lesezeit\" \/>\n\t<meta name=\"twitter:data1\" content=\"2\u00a0Minuten\" \/>\n<script type=\"application\/ld+json\" class=\"yoast-schema-graph\">{\"@context\":\"https:\/\/schema.org\",\"@graph\":[{\"@type\":\"WebSite\",\"@id\":\"https:\/\/furrer-uebersetzungen.ch\/WP\/#website\",\"url\":\"https:\/\/furrer-uebersetzungen.ch\/WP\/\",\"name\":\"Furrer \u00dcbersetzungen\",\"description\":\"Professionelle \u00dcbersetzungen und Lektorate\",\"potentialAction\":[{\"@type\":\"SearchAction\",\"target\":{\"@type\":\"EntryPoint\",\"urlTemplate\":\"https:\/\/furrer-uebersetzungen.ch\/WP\/?s={search_term_string}\"},\"query-input\":\"required name=search_term_string\"}],\"inLanguage\":\"de\"},{\"@type\":\"WebPage\",\"@id\":\"https:\/\/furrer-uebersetzungen.ch\/WP\/impressum-2\/#webpage\",\"url\":\"https:\/\/furrer-uebersetzungen.ch\/WP\/impressum-2\/\",\"name\":\"Impressum - Furrer \u00dcbersetzungen\",\"isPartOf\":{\"@id\":\"https:\/\/furrer-uebersetzungen.ch\/WP\/#website\"},\"datePublished\":\"2019-01-14T13:59:40+00:00\",\"dateModified\":\"2024-02-07T22:22:36+00:00\",\"description\":\"\u00dcbersetzungsb\u00fcro in Basel\",\"breadcrumb\":{\"@id\":\"https:\/\/furrer-uebersetzungen.ch\/WP\/impressum-2\/#breadcrumb\"},\"inLanguage\":\"de\",\"potentialAction\":[{\"@type\":\"ReadAction\",\"target\":[\"https:\/\/furrer-uebersetzungen.ch\/WP\/impressum-2\/\"]}]},{\"@type\":\"BreadcrumbList\",\"@id\":\"https:\/\/furrer-uebersetzungen.ch\/WP\/impressum-2\/#breadcrumb\",\"itemListElement\":[{\"@type\":\"ListItem\",\"position\":1,\"name\":\"Startseite\",\"item\":\"https:\/\/furrer-uebersetzungen.ch\/WP\/\"},{\"@type\":\"ListItem\",\"position\":2,\"name\":\"Impressum\"}]}]}<\/script>\n<!-- \/ Yoast SEO plugin. -->","yoast_head_json":{"title":"Impressum - Furrer \u00dcbersetzungen","description":"\u00dcbersetzungsb\u00fcro in Basel","robots":{"index":"index","follow":"follow","max-snippet":"max-snippet:-1","max-image-preview":"max-image-preview:large","max-video-preview":"max-video-preview:-1"},"canonical":"https:\/\/furrer-uebersetzungen.ch\/WP\/impressum-2\/","og_locale":"de_DE","og_type":"article","og_title":"Impressum - Furrer \u00dcbersetzungen","og_description":"\u00dcbersetzungsb\u00fcro in Basel","og_url":"https:\/\/furrer-uebersetzungen.ch\/WP\/impressum-2\/","og_site_name":"Furrer \u00dcbersetzungen","article_modified_time":"2024-02-07T22:22:36+00:00","twitter_card":"summary_large_image","twitter_misc":{"Gesch\u00e4tzte Lesezeit":"2\u00a0Minuten"},"schema":{"@context":"https:\/\/schema.org","@graph":[{"@type":"WebSite","@id":"https:\/\/furrer-uebersetzungen.ch\/WP\/#website","url":"https:\/\/furrer-uebersetzungen.ch\/WP\/","name":"Furrer \u00dcbersetzungen","description":"Professionelle \u00dcbersetzungen und Lektorate","potentialAction":[{"@type":"SearchAction","target":{"@type":"EntryPoint","urlTemplate":"https:\/\/furrer-uebersetzungen.ch\/WP\/?s={search_term_string}"},"query-input":"required name=search_term_string"}],"inLanguage":"de"},{"@type":"WebPage","@id":"https:\/\/furrer-uebersetzungen.ch\/WP\/impressum-2\/#webpage","url":"https:\/\/furrer-uebersetzungen.ch\/WP\/impressum-2\/","name":"Impressum - Furrer \u00dcbersetzungen","isPartOf":{"@id":"https:\/\/furrer-uebersetzungen.ch\/WP\/#website"},"datePublished":"2019-01-14T13:59:40+00:00","dateModified":"2024-02-07T22:22:36+00:00","description":"\u00dcbersetzungsb\u00fcro in Basel","breadcrumb":{"@id":"https:\/\/furrer-uebersetzungen.ch\/WP\/impressum-2\/#breadcrumb"},"inLanguage":"de","potentialAction":[{"@type":"ReadAction","target":["https:\/\/furrer-uebersetzungen.ch\/WP\/impressum-2\/"]}]},{"@type":"BreadcrumbList","@id":"https:\/\/furrer-uebersetzungen.ch\/WP\/impressum-2\/#breadcrumb","itemListElement":[{"@type":"ListItem","position":1,"name":"Startseite","item":"https:\/\/furrer-uebersetzungen.ch\/WP\/"},{"@type":"ListItem","position":2,"name":"Impressum"}]}]}},"_links":{"self":[{"href":"https:\/\/furrer-uebersetzungen.ch\/WP\/wp-json\/wp\/v2\/pages\/1003"}],"collection":[{"href":"https:\/\/furrer-uebersetzungen.ch\/WP\/wp-json\/wp\/v2\/pages"}],"about":[{"href":"https:\/\/furrer-uebersetzungen.ch\/WP\/wp-json\/wp\/v2\/types\/page"}],"author":[{"embeddable":true,"href":"https:\/\/furrer-uebersetzungen.ch\/WP\/wp-json\/wp\/v2\/users\/1"}],"replies":[{"embeddable":true,"href":"https:\/\/furrer-uebersetzungen.ch\/WP\/wp-json\/wp\/v2\/comments?post=1003"}],"version-history":[{"count":4,"href":"https:\/\/furrer-uebersetzungen.ch\/WP\/wp-json\/wp\/v2\/pages\/1003\/revisions"}],"predecessor-version":[{"id":1123,"href":"https:\/\/furrer-uebersetzungen.ch\/WP\/wp-json\/wp\/v2\/pages\/1003\/revisions\/1123"}],"wp:attachment":[{"href":"https:\/\/furrer-uebersetzungen.ch\/WP\/wp-json\/wp\/v2\/media?parent=1003"}],"curies":[{"name":"wp","href":"https:\/\/api.w.org\/{rel}","templated":true}]}}