{"id":1041,"date":"2019-01-15T10:25:12","date_gmt":"2019-01-15T09:25:12","guid":{"rendered":"https:\/\/furrer-uebersetzungen.ch\/WP\/?page_id=1041"},"modified":"2022-02-14T14:17:17","modified_gmt":"2022-02-14T13:17:17","slug":"herzlich-willkommen","status":"publish","type":"page","link":"https:\/\/furrer-uebersetzungen.ch\/WP\/","title":{"rendered":"Herzlich willkommen"},"content":{"rendered":"\n<p>Bei <strong>Furrer \u00dcbersetzungen<\/strong> erhalten Sie professionelle \u00dcbersetzungen von und in praktisch alle europ\u00e4ischen Sprachen. Hinzu kommen eine Reihe von weiteren sprachlichen Dienstleistungen.<\/p>\n\n\n\n<p>Das <a href=\"https:\/\/furrer-uebersetzungen.ch\/WP\/sprachen\/\">Sprachenangebot<\/a> erstreckt sich von Deutsch, Englisch, Franz\u00f6sisch, Italienisch \u00fcber&nbsp;Spanisch, und&nbsp;Portugiesisch&nbsp;bis hin zu den skandinavischen Sprachen D\u00e4nisch, Norwegisch, Schwedisch und Isl\u00e4ndisch.<\/p>\n\n\n\n<p>Mit unserem Pool von muttersprachigen spezialisierten \u00dcbersetzerinnen und \u00dcbersetzern decken wir fast jeden <a href=\"https:\/\/furrer-uebersetzungen.ch\/WP\/?page_id=37\" target=\"_blank\" rel=\"noreferrer noopener\">Fachbereich<\/a> ab. So geh\u00f6ren zu unserem Angebot nicht nur medizinische,&nbsp;juristische und technische \u00dcbersetzungen, sondern auch \u00dcbersetzungen von PR-Texten, Websites sowie amtlichen oder pers\u00f6nlichen Dokumenten. <\/p>\n\n\n\n<p>Sehen Sie sich auf unserer Website ruhig um oder nehmen Sie f\u00fcr weiterf\u00fchrende Informationen gleich mit uns <a href=\"https:\/\/furrer-uebersetzungen.ch\/WP\/kontakt\/\">Kontakt<\/a> auf. <\/p>\n","protected":false},"excerpt":{"rendered":"<p>Bei Furrer \u00dcbersetzungen erhalten Sie professionelle \u00dcbersetzungen von und in praktisch alle europ\u00e4ischen Sprachen. Hinzu kommen eine Reihe von weiteren sprachlichen Dienstleistungen. Das Sprachenangebot erstreckt<\/p>\n","protected":false},"author":1,"featured_media":0,"parent":0,"menu_order":0,"comment_status":"closed","ping_status":"closed","template":"","meta":[],"yoast_head":"<!-- This site is optimized with the Yoast SEO plugin v18.2 - https:\/\/yoast.com\/wordpress\/plugins\/seo\/ -->\n<title>Herzlich willkommen - Furrer \u00dcbersetzungen<\/title>\n<meta name=\"description\" content=\"\u00fcbersetzungen, uebersetzungen, translations, overs\u00e6ttelse, traduzioni, traductions, sprachen, d\u00e4nisch, daenisch, danish, dansk, deutsch, tysk, englisch, english, german, skandinavische, franz\u00f6sisch, fran\u00e7ais, espa\u00f1ol, spanisch, schwedisch, svenska, norwegisch, sprog\" \/>\n<meta name=\"robots\" content=\"index, follow, max-snippet:-1, max-image-preview:large, max-video-preview:-1\" \/>\n<link rel=\"canonical\" href=\"https:\/\/furrer-uebersetzungen.ch\/WP\/\" \/>\n<meta property=\"og:locale\" content=\"de_DE\" \/>\n<meta property=\"og:type\" content=\"article\" \/>\n<meta property=\"og:title\" content=\"Herzlich willkommen - Furrer \u00dcbersetzungen\" \/>\n<meta property=\"og:description\" content=\"\u00fcbersetzungen, uebersetzungen, translations, overs\u00e6ttelse, traduzioni, traductions, sprachen, d\u00e4nisch, daenisch, danish, dansk, deutsch, tysk, englisch, english, german, skandinavische, franz\u00f6sisch, fran\u00e7ais, espa\u00f1ol, spanisch, schwedisch, svenska, norwegisch, sprog\" \/>\n<meta property=\"og:url\" content=\"https:\/\/furrer-uebersetzungen.ch\/WP\/\" \/>\n<meta property=\"og:site_name\" content=\"Furrer \u00dcbersetzungen\" \/>\n<meta property=\"article:modified_time\" content=\"2022-02-14T13:17:17+00:00\" \/>\n<meta name=\"twitter:card\" content=\"summary_large_image\" \/>\n<meta name=\"twitter:label1\" content=\"Gesch\u00e4tzte Lesezeit\" \/>\n\t<meta name=\"twitter:data1\" content=\"1\u00a0Minute\" \/>\n<script type=\"application\/ld+json\" class=\"yoast-schema-graph\">{\"@context\":\"https:\/\/schema.org\",\"@graph\":[{\"@type\":\"WebSite\",\"@id\":\"https:\/\/furrer-uebersetzungen.ch\/WP\/#website\",\"url\":\"https:\/\/furrer-uebersetzungen.ch\/WP\/\",\"name\":\"Furrer \u00dcbersetzungen\",\"description\":\"Professionelle \u00dcbersetzungen und Lektorate\",\"potentialAction\":[{\"@type\":\"SearchAction\",\"target\":{\"@type\":\"EntryPoint\",\"urlTemplate\":\"https:\/\/furrer-uebersetzungen.ch\/WP\/?s={search_term_string}\"},\"query-input\":\"required name=search_term_string\"}],\"inLanguage\":\"de\"},{\"@type\":\"WebPage\",\"@id\":\"https:\/\/furrer-uebersetzungen.ch\/WP\/#webpage\",\"url\":\"https:\/\/furrer-uebersetzungen.ch\/WP\/\",\"name\":\"Herzlich willkommen - Furrer \u00dcbersetzungen\",\"isPartOf\":{\"@id\":\"https:\/\/furrer-uebersetzungen.ch\/WP\/#website\"},\"datePublished\":\"2019-01-15T09:25:12+00:00\",\"dateModified\":\"2022-02-14T13:17:17+00:00\",\"description\":\"\u00fcbersetzungen, uebersetzungen, translations, overs\u00e6ttelse, traduzioni, traductions, sprachen, d\u00e4nisch, daenisch, danish, dansk, deutsch, tysk, englisch, english, german, skandinavische, franz\u00f6sisch, fran\u00e7ais, espa\u00f1ol, spanisch, schwedisch, svenska, norwegisch, sprog\",\"breadcrumb\":{\"@id\":\"https:\/\/furrer-uebersetzungen.ch\/WP\/#breadcrumb\"},\"inLanguage\":\"de\",\"potentialAction\":[{\"@type\":\"ReadAction\",\"target\":[\"https:\/\/furrer-uebersetzungen.ch\/WP\/\"]}]},{\"@type\":\"BreadcrumbList\",\"@id\":\"https:\/\/furrer-uebersetzungen.ch\/WP\/#breadcrumb\",\"itemListElement\":[{\"@type\":\"ListItem\",\"position\":1,\"name\":\"Startseite\",\"item\":\"https:\/\/furrer-uebersetzungen.ch\/WP\/\"},{\"@type\":\"ListItem\",\"position\":2,\"name\":\"Herzlich willkommen\"}]}]}<\/script>\n<!-- \/ Yoast SEO plugin. -->","yoast_head_json":{"title":"Herzlich willkommen - Furrer \u00dcbersetzungen","description":"\u00fcbersetzungen, uebersetzungen, translations, overs\u00e6ttelse, traduzioni, traductions, sprachen, d\u00e4nisch, daenisch, danish, dansk, deutsch, tysk, englisch, english, german, skandinavische, franz\u00f6sisch, fran\u00e7ais, espa\u00f1ol, spanisch, schwedisch, svenska, norwegisch, sprog","robots":{"index":"index","follow":"follow","max-snippet":"max-snippet:-1","max-image-preview":"max-image-preview:large","max-video-preview":"max-video-preview:-1"},"canonical":"https:\/\/furrer-uebersetzungen.ch\/WP\/","og_locale":"de_DE","og_type":"article","og_title":"Herzlich willkommen - Furrer \u00dcbersetzungen","og_description":"\u00fcbersetzungen, uebersetzungen, translations, overs\u00e6ttelse, traduzioni, traductions, sprachen, d\u00e4nisch, daenisch, danish, dansk, deutsch, tysk, englisch, english, german, skandinavische, franz\u00f6sisch, fran\u00e7ais, espa\u00f1ol, spanisch, schwedisch, svenska, norwegisch, sprog","og_url":"https:\/\/furrer-uebersetzungen.ch\/WP\/","og_site_name":"Furrer \u00dcbersetzungen","article_modified_time":"2022-02-14T13:17:17+00:00","twitter_card":"summary_large_image","twitter_misc":{"Gesch\u00e4tzte Lesezeit":"1\u00a0Minute"},"schema":{"@context":"https:\/\/schema.org","@graph":[{"@type":"WebSite","@id":"https:\/\/furrer-uebersetzungen.ch\/WP\/#website","url":"https:\/\/furrer-uebersetzungen.ch\/WP\/","name":"Furrer \u00dcbersetzungen","description":"Professionelle \u00dcbersetzungen und Lektorate","potentialAction":[{"@type":"SearchAction","target":{"@type":"EntryPoint","urlTemplate":"https:\/\/furrer-uebersetzungen.ch\/WP\/?s={search_term_string}"},"query-input":"required name=search_term_string"}],"inLanguage":"de"},{"@type":"WebPage","@id":"https:\/\/furrer-uebersetzungen.ch\/WP\/#webpage","url":"https:\/\/furrer-uebersetzungen.ch\/WP\/","name":"Herzlich willkommen - Furrer \u00dcbersetzungen","isPartOf":{"@id":"https:\/\/furrer-uebersetzungen.ch\/WP\/#website"},"datePublished":"2019-01-15T09:25:12+00:00","dateModified":"2022-02-14T13:17:17+00:00","description":"\u00fcbersetzungen, uebersetzungen, translations, overs\u00e6ttelse, traduzioni, traductions, sprachen, d\u00e4nisch, daenisch, danish, dansk, deutsch, tysk, englisch, english, german, skandinavische, franz\u00f6sisch, fran\u00e7ais, espa\u00f1ol, spanisch, schwedisch, svenska, norwegisch, sprog","breadcrumb":{"@id":"https:\/\/furrer-uebersetzungen.ch\/WP\/#breadcrumb"},"inLanguage":"de","potentialAction":[{"@type":"ReadAction","target":["https:\/\/furrer-uebersetzungen.ch\/WP\/"]}]},{"@type":"BreadcrumbList","@id":"https:\/\/furrer-uebersetzungen.ch\/WP\/#breadcrumb","itemListElement":[{"@type":"ListItem","position":1,"name":"Startseite","item":"https:\/\/furrer-uebersetzungen.ch\/WP\/"},{"@type":"ListItem","position":2,"name":"Herzlich willkommen"}]}]}},"_links":{"self":[{"href":"https:\/\/furrer-uebersetzungen.ch\/WP\/wp-json\/wp\/v2\/pages\/1041"}],"collection":[{"href":"https:\/\/furrer-uebersetzungen.ch\/WP\/wp-json\/wp\/v2\/pages"}],"about":[{"href":"https:\/\/furrer-uebersetzungen.ch\/WP\/wp-json\/wp\/v2\/types\/page"}],"author":[{"embeddable":true,"href":"https:\/\/furrer-uebersetzungen.ch\/WP\/wp-json\/wp\/v2\/users\/1"}],"replies":[{"embeddable":true,"href":"https:\/\/furrer-uebersetzungen.ch\/WP\/wp-json\/wp\/v2\/comments?post=1041"}],"version-history":[{"count":9,"href":"https:\/\/furrer-uebersetzungen.ch\/WP\/wp-json\/wp\/v2\/pages\/1041\/revisions"}],"predecessor-version":[{"id":1111,"href":"https:\/\/furrer-uebersetzungen.ch\/WP\/wp-json\/wp\/v2\/pages\/1041\/revisions\/1111"}],"wp:attachment":[{"href":"https:\/\/furrer-uebersetzungen.ch\/WP\/wp-json\/wp\/v2\/media?parent=1041"}],"curies":[{"name":"wp","href":"https:\/\/api.w.org\/{rel}","templated":true}]}}