{"id":19,"date":"2017-02-17T08:58:33","date_gmt":"2017-02-17T08:58:33","guid":{"rendered":"https:\/\/furrer-uebersetzungen.ch\/WP\/?page_id=19"},"modified":"2024-02-07T22:59:44","modified_gmt":"2024-02-07T21:59:44","slug":"leistungen","status":"publish","type":"page","link":"https:\/\/furrer-uebersetzungen.ch\/WP\/leistungen\/","title":{"rendered":"Leistungen"},"content":{"rendered":"<p><strong style=\"font-size: 1.0625rem;\"><span style=\"font-size: 13.0pt; line-height: 150%; font-family: 'Tahoma',sans-serif; color: #222222;\"><span style=\"display: inline !important; float: none; background-color: transparent; color: #222222; cursor: text; font-family: 'Roboto',Tahoma,Arial; font-size: 16.93px; font-style: normal; font-variant: normal; font-weight: 400; letter-spacing: normal; orphans: 2; text-align: left; text-decoration: none; text-indent: 0px; text-transform: none; -webkit-text-stroke-width: 0px; white-space: normal; word-spacing: 0px;\"><strong>Furrer \u00dcbersetzungen<\/strong> steht f\u00fcr professionelle \u00dcbersetzungen aus zahlreichen <a href=\"https:\/\/furrer-uebersetzungen.ch\/WP\/fachgebiete\/\" target=\"_blank\" rel=\"noopener\">Fachbereichen<\/a><\/span><\/span><\/strong><strong style=\"font-size: 1.0625rem;\"><span style=\"font-size: 13.0pt; line-height: 150%; font-family: 'Tahoma',sans-serif; color: #222222;\"><span style=\"display: inline !important; float: none; background-color: transparent; color: #222222; cursor: text; font-family: 'Roboto',Tahoma,Arial; font-size: 16.93px; font-style: normal; font-variant: normal; font-weight: 400; letter-spacing: normal; orphans: 2; text-align: left; text-decoration: none; text-indent: 0px; text-transform: none; -webkit-text-stroke-width: 0px; white-space: normal; word-spacing: 0px;\"> von und in praktisch alle europ\u00e4ischen <a href=\"https:\/\/furrer-uebersetzungen.ch\/WP\/sprachen\/\" target=\"_blank\" rel=\"noopener\">Sprachen<\/a>. Hinzu kommen <\/span><\/span><\/strong><strong style=\"font-size: 1.0625rem;\"><span style=\"font-size: 13.0pt; line-height: 150%; font-family: 'Tahoma',sans-serif; color: #222222;\"><span style=\"display: inline !important; float: none; background-color: transparent; color: #222222; cursor: text; font-family: 'Roboto',Tahoma,Arial; font-size: 16.93px; font-style: normal; font-variant: normal; font-weight: 400; letter-spacing: normal; orphans: 2; text-align: left; text-decoration: none; text-indent: 0px; text-transform: none; -webkit-text-stroke-width: 0px; white-space: normal; word-spacing: 0px;\">eine Reihe von weiteren sprachlichen Dienstleistungen. Weiterf\u00fchrende Informationen finden Sie hier:<\/span><\/span><\/strong><\/p>\n<ul>\n<li><a href=\"https:\/\/furrer-uebersetzungen.ch\/WP\/sprachen\/\" target=\"_blank\" rel=\"noopener\">\u00dcbersetzungen<\/a><\/li>\n<li><a href=\"https:\/\/furrer-uebersetzungen.ch\/WP\/lektorat-und-korrekturlesen\/\" target=\"_blank\" rel=\"noopener\">Lektorate und Korrekturlesen<\/a><\/li>\n<li><a href=\"https:\/\/furrer-uebersetzungen.ch\/WP\/preise\/\" target=\"_blank\" rel=\"noopener\">Preise<\/a><\/li>\n<li><a href=\"https:\/\/furrer-uebersetzungen.ch\/WP\/faq\/\" target=\"_blank\" rel=\"noopener\">FAQ<\/a><\/li>\n<\/ul>\n","protected":false},"excerpt":{"rendered":"<p>Furrer \u00dcbersetzungen steht f\u00fcr professionelle \u00dcbersetzungen aus zahlreichen Fachbereichen von und in praktisch alle europ\u00e4ischen Sprachen. Hinzu kommen eine Reihe von weiteren sprachlichen Dienstleistungen. Weiterf\u00fchrende<\/p>\n","protected":false},"author":1,"featured_media":0,"parent":0,"menu_order":0,"comment_status":"closed","ping_status":"closed","template":"","meta":[],"yoast_head":"<!-- This site is optimized with the Yoast SEO plugin v18.2 - https:\/\/yoast.com\/wordpress\/plugins\/seo\/ -->\n<title>Leistungen - Furrer \u00dcbersetzungen<\/title>\n<meta name=\"description\" content=\"Professionelle \u00dcbersetzungen aus zahlreichen Fachbereichen von und in praktisch alle europ\u00e4ischen Sprachen\" \/>\n<meta name=\"robots\" content=\"index, follow, max-snippet:-1, max-image-preview:large, max-video-preview:-1\" \/>\n<link rel=\"canonical\" href=\"https:\/\/furrer-uebersetzungen.ch\/WP\/leistungen\/\" \/>\n<meta property=\"og:locale\" content=\"de_DE\" \/>\n<meta property=\"og:type\" content=\"article\" \/>\n<meta property=\"og:title\" content=\"Leistungen - Furrer \u00dcbersetzungen\" \/>\n<meta property=\"og:description\" content=\"Professionelle \u00dcbersetzungen aus zahlreichen Fachbereichen von und in praktisch alle europ\u00e4ischen Sprachen\" \/>\n<meta property=\"og:url\" content=\"https:\/\/furrer-uebersetzungen.ch\/WP\/leistungen\/\" \/>\n<meta property=\"og:site_name\" content=\"Furrer \u00dcbersetzungen\" \/>\n<meta property=\"article:modified_time\" content=\"2024-02-07T21:59:44+00:00\" \/>\n<meta name=\"twitter:card\" content=\"summary_large_image\" \/>\n<meta name=\"twitter:label1\" content=\"Gesch\u00e4tzte Lesezeit\" \/>\n\t<meta name=\"twitter:data1\" content=\"1\u00a0Minute\" \/>\n<script type=\"application\/ld+json\" class=\"yoast-schema-graph\">{\"@context\":\"https:\/\/schema.org\",\"@graph\":[{\"@type\":\"WebSite\",\"@id\":\"https:\/\/furrer-uebersetzungen.ch\/WP\/#website\",\"url\":\"https:\/\/furrer-uebersetzungen.ch\/WP\/\",\"name\":\"Furrer \u00dcbersetzungen\",\"description\":\"Professionelle \u00dcbersetzungen und Lektorate\",\"potentialAction\":[{\"@type\":\"SearchAction\",\"target\":{\"@type\":\"EntryPoint\",\"urlTemplate\":\"https:\/\/furrer-uebersetzungen.ch\/WP\/?s={search_term_string}\"},\"query-input\":\"required name=search_term_string\"}],\"inLanguage\":\"de\"},{\"@type\":\"WebPage\",\"@id\":\"https:\/\/furrer-uebersetzungen.ch\/WP\/leistungen\/#webpage\",\"url\":\"https:\/\/furrer-uebersetzungen.ch\/WP\/leistungen\/\",\"name\":\"Leistungen - Furrer \u00dcbersetzungen\",\"isPartOf\":{\"@id\":\"https:\/\/furrer-uebersetzungen.ch\/WP\/#website\"},\"datePublished\":\"2017-02-17T08:58:33+00:00\",\"dateModified\":\"2024-02-07T21:59:44+00:00\",\"description\":\"Professionelle \u00dcbersetzungen aus zahlreichen Fachbereichen von und in praktisch alle europ\u00e4ischen Sprachen\",\"breadcrumb\":{\"@id\":\"https:\/\/furrer-uebersetzungen.ch\/WP\/leistungen\/#breadcrumb\"},\"inLanguage\":\"de\",\"potentialAction\":[{\"@type\":\"ReadAction\",\"target\":[\"https:\/\/furrer-uebersetzungen.ch\/WP\/leistungen\/\"]}]},{\"@type\":\"BreadcrumbList\",\"@id\":\"https:\/\/furrer-uebersetzungen.ch\/WP\/leistungen\/#breadcrumb\",\"itemListElement\":[{\"@type\":\"ListItem\",\"position\":1,\"name\":\"Startseite\",\"item\":\"https:\/\/furrer-uebersetzungen.ch\/WP\/\"},{\"@type\":\"ListItem\",\"position\":2,\"name\":\"Leistungen\"}]}]}<\/script>\n<!-- \/ Yoast SEO plugin. -->","yoast_head_json":{"title":"Leistungen - Furrer \u00dcbersetzungen","description":"Professionelle \u00dcbersetzungen aus zahlreichen Fachbereichen von und in praktisch alle europ\u00e4ischen Sprachen","robots":{"index":"index","follow":"follow","max-snippet":"max-snippet:-1","max-image-preview":"max-image-preview:large","max-video-preview":"max-video-preview:-1"},"canonical":"https:\/\/furrer-uebersetzungen.ch\/WP\/leistungen\/","og_locale":"de_DE","og_type":"article","og_title":"Leistungen - Furrer \u00dcbersetzungen","og_description":"Professionelle \u00dcbersetzungen aus zahlreichen Fachbereichen von und in praktisch alle europ\u00e4ischen Sprachen","og_url":"https:\/\/furrer-uebersetzungen.ch\/WP\/leistungen\/","og_site_name":"Furrer \u00dcbersetzungen","article_modified_time":"2024-02-07T21:59:44+00:00","twitter_card":"summary_large_image","twitter_misc":{"Gesch\u00e4tzte Lesezeit":"1\u00a0Minute"},"schema":{"@context":"https:\/\/schema.org","@graph":[{"@type":"WebSite","@id":"https:\/\/furrer-uebersetzungen.ch\/WP\/#website","url":"https:\/\/furrer-uebersetzungen.ch\/WP\/","name":"Furrer \u00dcbersetzungen","description":"Professionelle \u00dcbersetzungen und Lektorate","potentialAction":[{"@type":"SearchAction","target":{"@type":"EntryPoint","urlTemplate":"https:\/\/furrer-uebersetzungen.ch\/WP\/?s={search_term_string}"},"query-input":"required name=search_term_string"}],"inLanguage":"de"},{"@type":"WebPage","@id":"https:\/\/furrer-uebersetzungen.ch\/WP\/leistungen\/#webpage","url":"https:\/\/furrer-uebersetzungen.ch\/WP\/leistungen\/","name":"Leistungen - Furrer \u00dcbersetzungen","isPartOf":{"@id":"https:\/\/furrer-uebersetzungen.ch\/WP\/#website"},"datePublished":"2017-02-17T08:58:33+00:00","dateModified":"2024-02-07T21:59:44+00:00","description":"Professionelle \u00dcbersetzungen aus zahlreichen Fachbereichen von und in praktisch alle europ\u00e4ischen Sprachen","breadcrumb":{"@id":"https:\/\/furrer-uebersetzungen.ch\/WP\/leistungen\/#breadcrumb"},"inLanguage":"de","potentialAction":[{"@type":"ReadAction","target":["https:\/\/furrer-uebersetzungen.ch\/WP\/leistungen\/"]}]},{"@type":"BreadcrumbList","@id":"https:\/\/furrer-uebersetzungen.ch\/WP\/leistungen\/#breadcrumb","itemListElement":[{"@type":"ListItem","position":1,"name":"Startseite","item":"https:\/\/furrer-uebersetzungen.ch\/WP\/"},{"@type":"ListItem","position":2,"name":"Leistungen"}]}]}},"_links":{"self":[{"href":"https:\/\/furrer-uebersetzungen.ch\/WP\/wp-json\/wp\/v2\/pages\/19"}],"collection":[{"href":"https:\/\/furrer-uebersetzungen.ch\/WP\/wp-json\/wp\/v2\/pages"}],"about":[{"href":"https:\/\/furrer-uebersetzungen.ch\/WP\/wp-json\/wp\/v2\/types\/page"}],"author":[{"embeddable":true,"href":"https:\/\/furrer-uebersetzungen.ch\/WP\/wp-json\/wp\/v2\/users\/1"}],"replies":[{"embeddable":true,"href":"https:\/\/furrer-uebersetzungen.ch\/WP\/wp-json\/wp\/v2\/comments?post=19"}],"version-history":[{"count":33,"href":"https:\/\/furrer-uebersetzungen.ch\/WP\/wp-json\/wp\/v2\/pages\/19\/revisions"}],"predecessor-version":[{"id":1116,"href":"https:\/\/furrer-uebersetzungen.ch\/WP\/wp-json\/wp\/v2\/pages\/19\/revisions\/1116"}],"wp:attachment":[{"href":"https:\/\/furrer-uebersetzungen.ch\/WP\/wp-json\/wp\/v2\/media?parent=19"}],"curies":[{"name":"wp","href":"https:\/\/api.w.org\/{rel}","templated":true}]}}