{"id":22,"date":"2017-02-17T08:59:00","date_gmt":"2017-02-17T08:59:00","guid":{"rendered":"https:\/\/furrer-uebersetzungen.ch\/WP\/?page_id=22"},"modified":"2022-01-31T13:58:54","modified_gmt":"2022-01-31T13:58:54","slug":"professionelle-uebersetzungen","status":"publish","type":"page","link":"https:\/\/furrer-uebersetzungen.ch\/WP\/professionelle-uebersetzungen\/","title":{"rendered":"\u00dcbersetzungen"},"content":{"rendered":"<p>Bei unseren <strong>professionellen \u00dcbersetzungen <\/strong>stimmt nicht nur die Sprache, sondern es fliesst auch stets das erforderliche Fachwissen in die \u00dcbersetzungen mit ein. So werden alle unsere \u00dcbersetzungen ausschliesslich von <strong>muttersprachigen Fach\u00fcbersetzerinnen und -\u00fcbersetzern <\/strong>mit fundierten Kenntnissen im gefragten <a href=\"https:\/\/furrer-uebersetzungen.ch\/WP\/fachgebiete\/\" target=\"_blank\" rel=\"noopener\">Fachbereich<\/a> angefertigt. Dabei ist die Verwendung der korrekten Fachbegriffe eine Selbstverst\u00e4ndlichkeit.<\/p>\n<p>Im \u00dcbersetzungsservice mit inbegriffen ist eine Qualit\u00e4tskontrolle, bestehend aus einem hausinternen oder -externen <a href=\"https:\/\/furrer-uebersetzungen.ch\/WP\/lektorat-und-korrekturlesen\/\" target=\"_blank\" rel=\"noopener\">Lektorat<\/a> durch ein zweite \u00dcbersetzerin oder einen zweiten \u00dcbersetzer.<\/p>\n","protected":false},"excerpt":{"rendered":"<p>Bei unseren professionellen \u00dcbersetzungen stimmt nicht nur die Sprache, sondern es fliesst auch stets das erforderliche Fachwissen in die \u00dcbersetzungen mit ein. So werden alle<\/p>\n","protected":false},"author":1,"featured_media":0,"parent":0,"menu_order":0,"comment_status":"closed","ping_status":"closed","template":"","meta":[],"yoast_head":"<!-- This site is optimized with the Yoast SEO plugin v18.2 - https:\/\/yoast.com\/wordpress\/plugins\/seo\/ -->\n<title>\u00dcbersetzungen - Furrer \u00dcbersetzungen<\/title>\n<meta name=\"description\" content=\"Professionelle \u00dcbersetzungen von muttersprachigen Fach\u00fcbersetzern und -\u00fcbersetzerinnen. Jede Sprache, jeder Fachbereich.\" \/>\n<meta name=\"robots\" content=\"index, follow, max-snippet:-1, max-image-preview:large, max-video-preview:-1\" \/>\n<link rel=\"canonical\" href=\"https:\/\/furrer-uebersetzungen.ch\/WP\/professionelle-uebersetzungen\/\" \/>\n<meta property=\"og:locale\" content=\"de_DE\" \/>\n<meta property=\"og:type\" content=\"article\" \/>\n<meta property=\"og:title\" content=\"\u00dcbersetzungen - Furrer \u00dcbersetzungen\" \/>\n<meta property=\"og:description\" content=\"Professionelle \u00dcbersetzungen von muttersprachigen Fach\u00fcbersetzern und -\u00fcbersetzerinnen. Jede Sprache, jeder Fachbereich.\" \/>\n<meta property=\"og:url\" content=\"https:\/\/furrer-uebersetzungen.ch\/WP\/professionelle-uebersetzungen\/\" \/>\n<meta property=\"og:site_name\" content=\"Furrer \u00dcbersetzungen\" \/>\n<meta property=\"article:modified_time\" content=\"2022-01-31T13:58:54+00:00\" \/>\n<meta name=\"twitter:card\" content=\"summary_large_image\" \/>\n<meta name=\"twitter:label1\" content=\"Gesch\u00e4tzte Lesezeit\" \/>\n\t<meta name=\"twitter:data1\" content=\"1\u00a0Minute\" \/>\n<script type=\"application\/ld+json\" class=\"yoast-schema-graph\">{\"@context\":\"https:\/\/schema.org\",\"@graph\":[{\"@type\":\"WebSite\",\"@id\":\"https:\/\/furrer-uebersetzungen.ch\/WP\/#website\",\"url\":\"https:\/\/furrer-uebersetzungen.ch\/WP\/\",\"name\":\"Furrer \u00dcbersetzungen\",\"description\":\"Professionelle \u00dcbersetzungen und Lektorate\",\"potentialAction\":[{\"@type\":\"SearchAction\",\"target\":{\"@type\":\"EntryPoint\",\"urlTemplate\":\"https:\/\/furrer-uebersetzungen.ch\/WP\/?s={search_term_string}\"},\"query-input\":\"required name=search_term_string\"}],\"inLanguage\":\"de\"},{\"@type\":\"WebPage\",\"@id\":\"https:\/\/furrer-uebersetzungen.ch\/WP\/professionelle-uebersetzungen\/#webpage\",\"url\":\"https:\/\/furrer-uebersetzungen.ch\/WP\/professionelle-uebersetzungen\/\",\"name\":\"\u00dcbersetzungen - Furrer \u00dcbersetzungen\",\"isPartOf\":{\"@id\":\"https:\/\/furrer-uebersetzungen.ch\/WP\/#website\"},\"datePublished\":\"2017-02-17T08:59:00+00:00\",\"dateModified\":\"2022-01-31T13:58:54+00:00\",\"description\":\"Professionelle \u00dcbersetzungen von muttersprachigen Fach\u00fcbersetzern und -\u00fcbersetzerinnen. Jede Sprache, jeder Fachbereich.\",\"breadcrumb\":{\"@id\":\"https:\/\/furrer-uebersetzungen.ch\/WP\/professionelle-uebersetzungen\/#breadcrumb\"},\"inLanguage\":\"de\",\"potentialAction\":[{\"@type\":\"ReadAction\",\"target\":[\"https:\/\/furrer-uebersetzungen.ch\/WP\/professionelle-uebersetzungen\/\"]}]},{\"@type\":\"BreadcrumbList\",\"@id\":\"https:\/\/furrer-uebersetzungen.ch\/WP\/professionelle-uebersetzungen\/#breadcrumb\",\"itemListElement\":[{\"@type\":\"ListItem\",\"position\":1,\"name\":\"Startseite\",\"item\":\"https:\/\/furrer-uebersetzungen.ch\/WP\/\"},{\"@type\":\"ListItem\",\"position\":2,\"name\":\"\u00dcbersetzungen\"}]}]}<\/script>\n<!-- \/ Yoast SEO plugin. -->","yoast_head_json":{"title":"\u00dcbersetzungen - Furrer \u00dcbersetzungen","description":"Professionelle \u00dcbersetzungen von muttersprachigen Fach\u00fcbersetzern und -\u00fcbersetzerinnen. Jede Sprache, jeder Fachbereich.","robots":{"index":"index","follow":"follow","max-snippet":"max-snippet:-1","max-image-preview":"max-image-preview:large","max-video-preview":"max-video-preview:-1"},"canonical":"https:\/\/furrer-uebersetzungen.ch\/WP\/professionelle-uebersetzungen\/","og_locale":"de_DE","og_type":"article","og_title":"\u00dcbersetzungen - Furrer \u00dcbersetzungen","og_description":"Professionelle \u00dcbersetzungen von muttersprachigen Fach\u00fcbersetzern und -\u00fcbersetzerinnen. Jede Sprache, jeder Fachbereich.","og_url":"https:\/\/furrer-uebersetzungen.ch\/WP\/professionelle-uebersetzungen\/","og_site_name":"Furrer \u00dcbersetzungen","article_modified_time":"2022-01-31T13:58:54+00:00","twitter_card":"summary_large_image","twitter_misc":{"Gesch\u00e4tzte Lesezeit":"1\u00a0Minute"},"schema":{"@context":"https:\/\/schema.org","@graph":[{"@type":"WebSite","@id":"https:\/\/furrer-uebersetzungen.ch\/WP\/#website","url":"https:\/\/furrer-uebersetzungen.ch\/WP\/","name":"Furrer \u00dcbersetzungen","description":"Professionelle \u00dcbersetzungen und Lektorate","potentialAction":[{"@type":"SearchAction","target":{"@type":"EntryPoint","urlTemplate":"https:\/\/furrer-uebersetzungen.ch\/WP\/?s={search_term_string}"},"query-input":"required name=search_term_string"}],"inLanguage":"de"},{"@type":"WebPage","@id":"https:\/\/furrer-uebersetzungen.ch\/WP\/professionelle-uebersetzungen\/#webpage","url":"https:\/\/furrer-uebersetzungen.ch\/WP\/professionelle-uebersetzungen\/","name":"\u00dcbersetzungen - Furrer \u00dcbersetzungen","isPartOf":{"@id":"https:\/\/furrer-uebersetzungen.ch\/WP\/#website"},"datePublished":"2017-02-17T08:59:00+00:00","dateModified":"2022-01-31T13:58:54+00:00","description":"Professionelle \u00dcbersetzungen von muttersprachigen Fach\u00fcbersetzern und -\u00fcbersetzerinnen. Jede Sprache, jeder Fachbereich.","breadcrumb":{"@id":"https:\/\/furrer-uebersetzungen.ch\/WP\/professionelle-uebersetzungen\/#breadcrumb"},"inLanguage":"de","potentialAction":[{"@type":"ReadAction","target":["https:\/\/furrer-uebersetzungen.ch\/WP\/professionelle-uebersetzungen\/"]}]},{"@type":"BreadcrumbList","@id":"https:\/\/furrer-uebersetzungen.ch\/WP\/professionelle-uebersetzungen\/#breadcrumb","itemListElement":[{"@type":"ListItem","position":1,"name":"Startseite","item":"https:\/\/furrer-uebersetzungen.ch\/WP\/"},{"@type":"ListItem","position":2,"name":"\u00dcbersetzungen"}]}]}},"_links":{"self":[{"href":"https:\/\/furrer-uebersetzungen.ch\/WP\/wp-json\/wp\/v2\/pages\/22"}],"collection":[{"href":"https:\/\/furrer-uebersetzungen.ch\/WP\/wp-json\/wp\/v2\/pages"}],"about":[{"href":"https:\/\/furrer-uebersetzungen.ch\/WP\/wp-json\/wp\/v2\/types\/page"}],"author":[{"embeddable":true,"href":"https:\/\/furrer-uebersetzungen.ch\/WP\/wp-json\/wp\/v2\/users\/1"}],"replies":[{"embeddable":true,"href":"https:\/\/furrer-uebersetzungen.ch\/WP\/wp-json\/wp\/v2\/comments?post=22"}],"version-history":[{"count":17,"href":"https:\/\/furrer-uebersetzungen.ch\/WP\/wp-json\/wp\/v2\/pages\/22\/revisions"}],"predecessor-version":[{"id":1099,"href":"https:\/\/furrer-uebersetzungen.ch\/WP\/wp-json\/wp\/v2\/pages\/22\/revisions\/1099"}],"wp:attachment":[{"href":"https:\/\/furrer-uebersetzungen.ch\/WP\/wp-json\/wp\/v2\/media?parent=22"}],"curies":[{"name":"wp","href":"https:\/\/api.w.org\/{rel}","templated":true}]}}