{"id":31,"date":"2017-02-17T09:00:08","date_gmt":"2017-02-17T09:00:08","guid":{"rendered":"https:\/\/furrer-uebersetzungen.ch\/WP\/?page_id=31"},"modified":"2019-01-16T10:15:18","modified_gmt":"2019-01-16T10:15:18","slug":"faq","status":"publish","type":"page","link":"https:\/\/furrer-uebersetzungen.ch\/WP\/faq\/","title":{"rendered":"FAQ"},"content":{"rendered":"<div id=\"accordions-953\" class=\"accordions-953 accordions\" data-accordions={&quot;lazyLoad&quot;:false,&quot;id&quot;:&quot;953&quot;,&quot;event&quot;:&quot;click&quot;,&quot;collapsible&quot;:&quot;true&quot;,&quot;heightStyle&quot;:&quot;content&quot;,&quot;animateStyle&quot;:&quot;swing&quot;,&quot;animateDelay&quot;:1000,&quot;navigation&quot;:true,&quot;active&quot;:999,&quot;expandedOther&quot;:&quot;no&quot;}>\r\n                <div class=\"items\" >\r\n    \r\n            <div post_id=\"953\" itemcount=\"0\"  header_id=\"header-1545335721414\" id=\"header-1545335721414\" style=\"\" class=\"accordions-head head1545335721414 border-semi-round\" toggle-text=\"\" main-text=\"Wie viel kostet die \u00dcbersetzung eines einseitigen Dokuments (Geburtsschein, Trauschein, Zeugnis etc.)?\">\r\n                                    <span id=\"accordion-icons-1545335721414\" class=\"accordion-icons\">\r\n                        <span class=\"accordion-icon-active accordion-plus\"><i class=\"fa fas fa-chevron-up\"><\/i><\/span>\r\n                        <span class=\"accordion-icon-inactive accordion-minus\"><i class=\"fa fas fa-chevron-down\"><\/i><\/span>\r\n                    <\/span>\r\n                    <span id=\"header-text-1545335721414\" class=\"accordions-head-title\">Wie viel kostet die \u00dcbersetzung eines einseitigen Dokuments (Geburtsschein, Trauschein, Zeugnis etc.)?<\/span>\r\n                            <\/div>\r\n            <div class=\"accordion-content content1545335721414 \">\r\n                <p><span style=\"margin: 0px; color: #222222; line-height: 107%; font-family: 'Nirmala UI',sans-serif; font-size: 13pt;\">Wir rechnen unsere \u00dcbersetzungen <\/span><span style=\"margin: 0px; color: #222222; line-height: 107%; font-family: 'Nirmala UI',sans-serif; font-size: 13pt;\">nicht nach Seiten, sondern nach Normzeilen zu je 50 Zeichen (inkl. Leerzeichen) ab (s. auch <a href=\"https:\/\/furrer-uebersetzungen.ch\/WP\/preise\/\" target=\"_blank\" rel=\"noopener\"><span style=\"color: #3e72ad;\"><u>Preise<\/u><\/span><\/a>). Senden Sie uns das Dokument, das \u00fcbersetzt werden soll, als Anhang in einer <a href=\"mailto:info@furrer-uebersetzungen.ch\"><span style=\"color: #3e72ad;\"><u>E-Mail<\/u><\/span><\/a> zu und wir erstellen eine kostenlose verbindliche Offerte.<\/span><\/p>\n<p><span style=\"margin: 0px; color: #222222; line-height: 107%; font-family: 'Nirmala UI',sans-serif; font-size: 13pt;\">Nach telefonischer Absprache (<span style=\"color: #3e72ad;\"><a style=\"color: #3e72ad;\" href=\"tel:41797430276\"><u>079 743 02 76<\/u><\/a><\/span>)<\/span><span style=\"margin: 0px; color: #222222; line-height: 107%; font-family: 'Nirmala UI',sans-serif; font-size: 13pt;\"> k\u00f6nnen Sie uns das Dokument gerne auch pers\u00f6nlich vorbeibringen.<\/span><\/p>\n            <\/div>\r\n    \r\n            <div post_id=\"953\" itemcount=\"1\"  header_id=\"header-1545335770404\" id=\"header-1545335770404\" style=\"\" class=\"accordions-head head1545335770404 border-semi-round\" toggle-text=\"\" main-text=\"Ich habe einen Text vorliegen, der ganz dringend ins Franz\u00f6sische \u00fcbersetzt werden soll. Wie muss ich vorgehen?\">\r\n                                    <span id=\"accordion-icons-1545335770404\" class=\"accordion-icons\">\r\n                        <span class=\"accordion-icon-active accordion-plus\"><i class=\"fa fas fa-chevron-up\"><\/i><\/span>\r\n                        <span class=\"accordion-icon-inactive accordion-minus\"><i class=\"fa fas fa-chevron-down\"><\/i><\/span>\r\n                    <\/span>\r\n                    <span id=\"header-text-1545335770404\" class=\"accordions-head-title\">Ich habe einen Text vorliegen, der ganz dringend ins Franz\u00f6sische \u00fcbersetzt werden soll. Wie muss ich vorgehen?<\/span>\r\n                            <\/div>\r\n            <div class=\"accordion-content content1545335770404 \">\r\n                <p><span style=\"margin: 0px; color: #222222; line-height: 107%; font-family: 'Nirmala UI',sans-serif; font-size: 13pt;\">Senden Sie uns das Dokument, das \u00fcbersetzt werden soll, als Anhang in einer <span style=\"color: #3e72ad;\"><a style=\"color: #3e72ad;\" href=\"mailto:info@furrer-uebersetzungen.ch\">E-Mail<\/a><\/span> zu oder rufen Sie uns an unter der Telefonnummer <span style=\"color: #3e72ad;\"><a href=\"tel:41797430276\"><span style=\"color: #3e72ad;\"><u>079 743 02 76<\/u><\/span><\/a><\/span>. Wir sitzen in den Startl\u00f6chern, um uns unverz\u00fcglich Ihrem Anliegen zu widmen.<\/span><\/p>\n            <\/div>\r\n    \r\n            <div post_id=\"953\" itemcount=\"2\"  header_id=\"header-1545335831209\" id=\"header-1545335831209\" style=\"\" class=\"accordions-head head1545335831209 border-semi-round\" toggle-text=\"\" main-text=\"F\u00fcr meine Chefin muss ich einen schwierigen Fachtext ins Englische \u00fcbersetzen lassen. Bin ich bei Ihnen an der richtigen Adresse?\">\r\n                                    <span id=\"accordion-icons-1545335831209\" class=\"accordion-icons\">\r\n                        <span class=\"accordion-icon-active accordion-plus\"><i class=\"fa fas fa-chevron-up\"><\/i><\/span>\r\n                        <span class=\"accordion-icon-inactive accordion-minus\"><i class=\"fa fas fa-chevron-down\"><\/i><\/span>\r\n                    <\/span>\r\n                    <span id=\"header-text-1545335831209\" class=\"accordions-head-title\">F\u00fcr meine Chefin muss ich einen schwierigen Fachtext ins Englische \u00fcbersetzen lassen. Bin ich bei Ihnen an der richtigen Adresse?<\/span>\r\n                            <\/div>\r\n            <div class=\"accordion-content content1545335831209 \">\r\n                <p><span style=\"margin: 0px; color: #222222; line-height: 107%; font-family: 'Nirmala UI',sans-serif; font-size: 13pt;\">Sie sind genau richtig hier. In unserem bestens ausgebildeten Team von Fach\u00fcbersetzerinnen und -\u00fcbersetzern findet sich sicher auch der Spezialist oder die Spezialistin f\u00fcr Ihr <a href=\"https:\/\/furrer-uebersetzungen.ch\/WP\/?page_id=37\"><span style=\"color: #3e72ad;\"><u>Fachgebiet<\/u><\/span><\/a> und die von Ihnen gew\u00fcnschte <span style=\"color: #3e72ad;\"><a style=\"color: #3e72ad;\" href=\"https:\/\/furrer-uebersetzungen.ch\/WP\/?page_id=583\"><u>Sprache<\/u><\/a><\/span>.<\/span><\/p>\n<p><span style=\"margin: 0px; color: #222222; line-height: 107%; font-family: 'Nirmala UI',sans-serif; font-size: 13pt;\">Rufen Sie uns an unter der Telefonnummer <a href=\"tel:41797430276\"><span style=\"color: #3e72ad;\"><u>079 743 02 76<\/u><\/span><\/a>. oder senden Sie uns den Fachtext per <span style=\"color: #3e72ad;\"><a style=\"color: #3e72ad;\"><u>E-Mail<\/u><\/a><\/span> zu und wir erstellen Ihnen innerhalb von 24 Stunden eine kostenlose verbindliche Offerte.<\/span><\/p>\n            <\/div>\r\n    \r\n            <div post_id=\"953\" itemcount=\"3\"  header_id=\"header-1545335913159\" id=\"header-1545335913159\" style=\"\" class=\"accordions-head head1545335913159 border-semi-round\" toggle-text=\"\" main-text=\"Ich m\u00f6chte einen englischen Text Korrektur lesen lassen. Machen Sie das auch?\">\r\n                                    <span id=\"accordion-icons-1545335913159\" class=\"accordion-icons\">\r\n                        <span class=\"accordion-icon-active accordion-plus\"><i class=\"fa fas fa-chevron-up\"><\/i><\/span>\r\n                        <span class=\"accordion-icon-inactive accordion-minus\"><i class=\"fa fas fa-chevron-down\"><\/i><\/span>\r\n                    <\/span>\r\n                    <span id=\"header-text-1545335913159\" class=\"accordions-head-title\">Ich m\u00f6chte einen englischen Text Korrektur lesen lassen. Machen Sie das auch?<\/span>\r\n                            <\/div>\r\n            <div class=\"accordion-content content1545335913159 \">\r\n                <p><span style=\"margin: 0px; color: #222222; line-height: 107%; font-family: 'Nirmala UI',sans-serif; font-size: 13pt;\">Ja. Wir haben f\u00fcr beinahe alle europ\u00e4ischen <a href=\"https:\/\/furrer-uebersetzungen.ch\/WP\/?page_id=583\"><span style=\"color: #3e72ad;\"><u>Sprachen<\/u><\/span><\/a> muttersprachige <span style=\"color: #3e72ad;\"><a style=\"color: #3e72ad;\" href=\"https:\/\/furrer-uebersetzungen.ch\/WP\/?page_id=25\"><u>Korrekturleserinnen und -leser<\/u><\/a><\/span> zur Hand.<\/span><\/p>\n<p><span style=\"margin: 0px; color: #222222; line-height: 107%; font-family: 'Nirmala UI',sans-serif; font-size: 13pt;\">Rufen Sie uns unter der Telefonnummer <span style=\"color: #3e72ad;\"><a style=\"color: #3e72ad;\" href=\"tel:41797430276\"><u>079 743 02 76<\/u><\/a><\/span>\u00a0an oder senden Sie uns Ihren Text als Anhang in einer <span style=\"color: #3e72ad;\"><a style=\"color: #3e72ad;\" href=\"mailto:info@furrer-uebersetzungen.ch\"><u><span style=\"color: #3e72ad;\">E-Mail<\/span><\/u><\/a> <\/span>zu und wir k\u00fcmmern uns unverz\u00fcglich um Ihr Anliegen.<\/span><\/p>\n            <\/div>\r\n    \r\n            <div post_id=\"953\" itemcount=\"4\"  header_id=\"header-1545335959031\" id=\"header-1545335959031\" style=\"\" class=\"accordions-head head1545335959031 border-semi-round\" toggle-text=\"\" main-text=\"Ist bei Ihren \u00dcbersetzungen ein Lektorat inbegriffen?\">\r\n                                    <span id=\"accordion-icons-1545335959031\" class=\"accordion-icons\">\r\n                        <span class=\"accordion-icon-active accordion-plus\"><i class=\"fa fas fa-chevron-up\"><\/i><\/span>\r\n                        <span class=\"accordion-icon-inactive accordion-minus\"><i class=\"fa fas fa-chevron-down\"><\/i><\/span>\r\n                    <\/span>\r\n                    <span id=\"header-text-1545335959031\" class=\"accordions-head-title\">Ist bei Ihren \u00dcbersetzungen ein Lektorat inbegriffen?<\/span>\r\n                            <\/div>\r\n            <div class=\"accordion-content content1545335959031 \">\r\n                <p><span style=\"margin: 0px; color: #222222; font-family: 'Arial',sans-serif; font-size: 13pt;\">Ja. Alle unsere <\/span><span style=\"margin: 0px; color: #3e72ad; font-family: 'Arial',sans-serif;\"><a style=\"color: #3e72ad;\" href=\"https:\/\/furrer-uebersetzungen.ch\/WP\/?page_id=22\"><u>\u00dcbersetzungen<\/u><\/a><\/span><span style=\"margin: 0px; color: #222222; font-family: 'Arial',sans-serif; font-size: 13pt;\"> werden, bevor sie unser Haus verlassen, durch eine zweite \u00dcbersetzerin oder einen zweiten \u00dcbersetzer einer akribischen Pr\u00fcfung unterworfen. <\/span><\/p>\n<p><span style=\"margin: 0px; color: #222222; line-height: 107%; font-family: 'Arial',sans-serif; font-size: 13pt;\">F\u00fcr Printmedien empfiehlt sich jedoch ein Abgleich mit der firmeneigenen Terminologie.<\/span><\/p>\n            <\/div>\r\n    \r\n            <div post_id=\"953\" itemcount=\"5\"  header_id=\"header-1545335997944\" id=\"header-1545335997944\" style=\"\" class=\"accordions-head head1545335997944 border-semi-round\" toggle-text=\"\" main-text=\"Ich ben\u00f6tige erst mal nur eine \u00dcbersetzungsofferte.\">\r\n                                    <span id=\"accordion-icons-1545335997944\" class=\"accordion-icons\">\r\n                        <span class=\"accordion-icon-active accordion-plus\"><i class=\"fa fas fa-chevron-up\"><\/i><\/span>\r\n                        <span class=\"accordion-icon-inactive accordion-minus\"><i class=\"fa fas fa-chevron-down\"><\/i><\/span>\r\n                    <\/span>\r\n                    <span id=\"header-text-1545335997944\" class=\"accordions-head-title\">Ich ben\u00f6tige erst mal nur eine \u00dcbersetzungsofferte.<\/span>\r\n                            <\/div>\r\n            <div class=\"accordion-content content1545335997944 \">\r\n                <p><span style=\"margin: 0px; color: #222222; line-height: 107%; font-family: 'Nirmala UI',sans-serif; font-size: 13pt;\">Kein Problem! Senden Sie uns den Text, f\u00fcr den Sie eine Offerte w\u00fcnschen, mit Angabe der gew\u00fcnschte(n) Sprache(n) per <a href=\"mailto:info@furrer-uebersetzungen.ch\"><span style=\"color: #3e72ad;\"><u>E-Mail<\/u><\/span><\/a> zu, und wir erstellen Ihnen innerhalb von 24 Stunden eine kostenlose verbindliche Offerte.<\/span><\/p>\n            <\/div>\r\n    \r\n            <div post_id=\"953\" itemcount=\"6\"  header_id=\"header-1545336055440\" id=\"header-1545336055440\" style=\"\" class=\"accordions-head head1545336055440 border-semi-round\" toggle-text=\"\" main-text=\"F\u00fcr einen Kunden muss ich eine Publikation in drei Sprachen \u00fcbersetzen lassen. Kann ich alle Sprachen bei Ihnen in Auftrag geben?\">\r\n                                    <span id=\"accordion-icons-1545336055440\" class=\"accordion-icons\">\r\n                        <span class=\"accordion-icon-active accordion-plus\"><i class=\"fa fas fa-chevron-up\"><\/i><\/span>\r\n                        <span class=\"accordion-icon-inactive accordion-minus\"><i class=\"fa fas fa-chevron-down\"><\/i><\/span>\r\n                    <\/span>\r\n                    <span id=\"header-text-1545336055440\" class=\"accordions-head-title\">F\u00fcr einen Kunden muss ich eine Publikation in drei Sprachen \u00fcbersetzen lassen. Kann ich alle Sprachen bei Ihnen in Auftrag geben?<\/span>\r\n                            <\/div>\r\n            <div class=\"accordion-content content1545336055440 \">\r\n                <p><span style=\"margin: 0px; color: #222222; line-height: 107%; font-family: 'Nirmala UI',sans-serif; font-size: 13pt;\">Ja. In unserem bestens ausgebildeten Team von <span style=\"color: #3e72ad;\"><a style=\"color: #3e72ad;\" href=\"https:\/\/furrer-uebersetzungen.ch\/WP\/?page_id=37\"><u>Fach\u00fcbersetzerinnen und -\u00fcbersetzern<\/u><\/a><\/span> finden sich f\u00fcr (beinahe) alle <span style=\"color: #3e72ad;\"><a style=\"color: #3e72ad;\" href=\"https:\/\/furrer-uebersetzungen.ch\/WP\/?page_id=583\"><u>Sprachen<\/u><\/a><\/span> qualifizierte Fachleute. Bei diesem Alles-aus-einer-Hand-Service profitieren Sie erst noch davon, dass die\u00a0fremdsprachigen Versionen aufeinander abgestimmt werden.<\/span><\/p>\n<p><span style=\"margin: 0px; color: #222222; line-height: 107%; font-family: 'Nirmala UI',sans-serif; font-size: 13pt;\">Schreiben Sie uns eine <span style=\"color: #3e72ad;\"><u>E-Mail<\/u><\/span> oder rufen Sie uns an unter <span style=\"color: #3e72ad;\"><a style=\"color: #3e72ad;\" href=\"tel:41797430276\"><u>079 743 02 76<\/u><\/a><\/span>. Sie erhalten auf jeden Fall noch am selben Tag eine Antwort.<\/span><\/p>\n            <\/div>\r\n    \r\n            <div post_id=\"953\" itemcount=\"7\"  header_id=\"header-1545336096635\" id=\"header-1545336096635\" style=\"\" class=\"accordions-head head1545336096635 border-semi-round\" toggle-text=\"\" main-text=\"Ich m\u00f6chte einen \u00dcbersetzer vorreservieren lassen. Geht das?\">\r\n                                    <span id=\"accordion-icons-1545336096635\" class=\"accordion-icons\">\r\n                        <span class=\"accordion-icon-active accordion-plus\"><i class=\"fa fas fa-chevron-up\"><\/i><\/span>\r\n                        <span class=\"accordion-icon-inactive accordion-minus\"><i class=\"fa fas fa-chevron-down\"><\/i><\/span>\r\n                    <\/span>\r\n                    <span id=\"header-text-1545336096635\" class=\"accordions-head-title\">Ich m\u00f6chte einen \u00dcbersetzer vorreservieren lassen. Geht das?<\/span>\r\n                            <\/div>\r\n            <div class=\"accordion-content content1545336096635 \">\r\n                <p><span style=\"margin: 0px; color: #222222; line-height: 107%; font-family: 'Nirmala UI',sans-serif; font-size: 13pt;\">Ja, das machen wir sehr gerne! Schildern Sie uns Ihr individuelles Anliegen in einer <a href=\"mailto:info@furrer-uebersetzungen.ch\"><span style=\"color: #3e72ad;\"><u>E-Mail<\/u><\/span><\/a> oder rufen Sie uns an unter <span style=\"color: #3e72ad;\"><a style=\"color: #3e72ad;\" href=\"tel:41797430276\"><u>079 743 02 76<\/u><\/a><\/span>.<\/span><\/p>\n            <\/div>\r\n    <\/div>\r\n\r\n\r\n\r\n            <\/div>\n","protected":false},"excerpt":{"rendered":"","protected":false},"author":1,"featured_media":0,"parent":0,"menu_order":0,"comment_status":"closed","ping_status":"closed","template":"","meta":[],"yoast_head":"<!-- This site is optimized with the Yoast SEO plugin v18.2 - https:\/\/yoast.com\/wordpress\/plugins\/seo\/ -->\n<title>FAQ - Furrer \u00dcbersetzungen<\/title>\n<meta name=\"description\" content=\"Was Sie in Sachen \u00dcbersetzungen schon immer wissen wollten\" \/>\n<meta name=\"robots\" content=\"index, follow, max-snippet:-1, max-image-preview:large, max-video-preview:-1\" \/>\n<link rel=\"canonical\" href=\"https:\/\/furrer-uebersetzungen.ch\/WP\/faq\/\" \/>\n<meta property=\"og:locale\" content=\"de_DE\" \/>\n<meta property=\"og:type\" content=\"article\" \/>\n<meta property=\"og:title\" content=\"FAQ - Furrer \u00dcbersetzungen\" \/>\n<meta property=\"og:description\" content=\"Was Sie in Sachen \u00dcbersetzungen schon immer wissen wollten\" \/>\n<meta property=\"og:url\" content=\"https:\/\/furrer-uebersetzungen.ch\/WP\/faq\/\" \/>\n<meta property=\"og:site_name\" content=\"Furrer \u00dcbersetzungen\" \/>\n<meta property=\"article:modified_time\" content=\"2019-01-16T10:15:18+00:00\" \/>\n<meta name=\"twitter:card\" content=\"summary_large_image\" \/>\n<script type=\"application\/ld+json\" class=\"yoast-schema-graph\">{\"@context\":\"https:\/\/schema.org\",\"@graph\":[{\"@type\":\"WebSite\",\"@id\":\"https:\/\/furrer-uebersetzungen.ch\/WP\/#website\",\"url\":\"https:\/\/furrer-uebersetzungen.ch\/WP\/\",\"name\":\"Furrer \u00dcbersetzungen\",\"description\":\"Professionelle \u00dcbersetzungen und Lektorate\",\"potentialAction\":[{\"@type\":\"SearchAction\",\"target\":{\"@type\":\"EntryPoint\",\"urlTemplate\":\"https:\/\/furrer-uebersetzungen.ch\/WP\/?s={search_term_string}\"},\"query-input\":\"required name=search_term_string\"}],\"inLanguage\":\"de\"},{\"@type\":\"WebPage\",\"@id\":\"https:\/\/furrer-uebersetzungen.ch\/WP\/faq\/#webpage\",\"url\":\"https:\/\/furrer-uebersetzungen.ch\/WP\/faq\/\",\"name\":\"FAQ - Furrer \u00dcbersetzungen\",\"isPartOf\":{\"@id\":\"https:\/\/furrer-uebersetzungen.ch\/WP\/#website\"},\"datePublished\":\"2017-02-17T09:00:08+00:00\",\"dateModified\":\"2019-01-16T10:15:18+00:00\",\"description\":\"Was Sie in Sachen \u00dcbersetzungen schon immer wissen wollten\",\"breadcrumb\":{\"@id\":\"https:\/\/furrer-uebersetzungen.ch\/WP\/faq\/#breadcrumb\"},\"inLanguage\":\"de\",\"potentialAction\":[{\"@type\":\"ReadAction\",\"target\":[\"https:\/\/furrer-uebersetzungen.ch\/WP\/faq\/\"]}]},{\"@type\":\"BreadcrumbList\",\"@id\":\"https:\/\/furrer-uebersetzungen.ch\/WP\/faq\/#breadcrumb\",\"itemListElement\":[{\"@type\":\"ListItem\",\"position\":1,\"name\":\"Startseite\",\"item\":\"https:\/\/furrer-uebersetzungen.ch\/WP\/\"},{\"@type\":\"ListItem\",\"position\":2,\"name\":\"FAQ\"}]}]}<\/script>\n<!-- \/ Yoast SEO plugin. -->","yoast_head_json":{"title":"FAQ - Furrer \u00dcbersetzungen","description":"Was Sie in Sachen \u00dcbersetzungen schon immer wissen wollten","robots":{"index":"index","follow":"follow","max-snippet":"max-snippet:-1","max-image-preview":"max-image-preview:large","max-video-preview":"max-video-preview:-1"},"canonical":"https:\/\/furrer-uebersetzungen.ch\/WP\/faq\/","og_locale":"de_DE","og_type":"article","og_title":"FAQ - Furrer \u00dcbersetzungen","og_description":"Was Sie in Sachen \u00dcbersetzungen schon immer wissen wollten","og_url":"https:\/\/furrer-uebersetzungen.ch\/WP\/faq\/","og_site_name":"Furrer \u00dcbersetzungen","article_modified_time":"2019-01-16T10:15:18+00:00","twitter_card":"summary_large_image","schema":{"@context":"https:\/\/schema.org","@graph":[{"@type":"WebSite","@id":"https:\/\/furrer-uebersetzungen.ch\/WP\/#website","url":"https:\/\/furrer-uebersetzungen.ch\/WP\/","name":"Furrer \u00dcbersetzungen","description":"Professionelle \u00dcbersetzungen und Lektorate","potentialAction":[{"@type":"SearchAction","target":{"@type":"EntryPoint","urlTemplate":"https:\/\/furrer-uebersetzungen.ch\/WP\/?s={search_term_string}"},"query-input":"required name=search_term_string"}],"inLanguage":"de"},{"@type":"WebPage","@id":"https:\/\/furrer-uebersetzungen.ch\/WP\/faq\/#webpage","url":"https:\/\/furrer-uebersetzungen.ch\/WP\/faq\/","name":"FAQ - Furrer \u00dcbersetzungen","isPartOf":{"@id":"https:\/\/furrer-uebersetzungen.ch\/WP\/#website"},"datePublished":"2017-02-17T09:00:08+00:00","dateModified":"2019-01-16T10:15:18+00:00","description":"Was Sie in Sachen \u00dcbersetzungen schon immer wissen wollten","breadcrumb":{"@id":"https:\/\/furrer-uebersetzungen.ch\/WP\/faq\/#breadcrumb"},"inLanguage":"de","potentialAction":[{"@type":"ReadAction","target":["https:\/\/furrer-uebersetzungen.ch\/WP\/faq\/"]}]},{"@type":"BreadcrumbList","@id":"https:\/\/furrer-uebersetzungen.ch\/WP\/faq\/#breadcrumb","itemListElement":[{"@type":"ListItem","position":1,"name":"Startseite","item":"https:\/\/furrer-uebersetzungen.ch\/WP\/"},{"@type":"ListItem","position":2,"name":"FAQ"}]}]}},"_links":{"self":[{"href":"https:\/\/furrer-uebersetzungen.ch\/WP\/wp-json\/wp\/v2\/pages\/31"}],"collection":[{"href":"https:\/\/furrer-uebersetzungen.ch\/WP\/wp-json\/wp\/v2\/pages"}],"about":[{"href":"https:\/\/furrer-uebersetzungen.ch\/WP\/wp-json\/wp\/v2\/types\/page"}],"author":[{"embeddable":true,"href":"https:\/\/furrer-uebersetzungen.ch\/WP\/wp-json\/wp\/v2\/users\/1"}],"replies":[{"embeddable":true,"href":"https:\/\/furrer-uebersetzungen.ch\/WP\/wp-json\/wp\/v2\/comments?post=31"}],"version-history":[{"count":20,"href":"https:\/\/furrer-uebersetzungen.ch\/WP\/wp-json\/wp\/v2\/pages\/31\/revisions"}],"predecessor-version":[{"id":1097,"href":"https:\/\/furrer-uebersetzungen.ch\/WP\/wp-json\/wp\/v2\/pages\/31\/revisions\/1097"}],"wp:attachment":[{"href":"https:\/\/furrer-uebersetzungen.ch\/WP\/wp-json\/wp\/v2\/media?parent=31"}],"curies":[{"name":"wp","href":"https:\/\/api.w.org\/{rel}","templated":true}]}}