{"id":37,"date":"2017-02-17T09:00:50","date_gmt":"2017-02-17T09:00:50","guid":{"rendered":"https:\/\/furrer-uebersetzungen.ch\/WP\/?page_id=37"},"modified":"2024-02-07T23:27:15","modified_gmt":"2024-02-07T22:27:15","slug":"fachgebiete","status":"publish","type":"page","link":"https:\/\/furrer-uebersetzungen.ch\/WP\/fachgebiete\/","title":{"rendered":"Fachgebiete"},"content":{"rendered":"<p><span style=\"margin: 0px; color: #222222; font-family: 'Arial',sans-serif; font-size: 12.5pt;\">Mit unserem Pool an hochprofessionellen <strong>muttersprachigen Fach\u00fcbersetzerinnen und Fach\u00fcbersetzern <\/strong>decken wir unter anderem folgende Fachgebiete ab:<\/span><\/p>\n<ul>\n<li><span style=\"margin: 0px; color: #000000; font-family: Arial, sans-serif; font-size: 12.5pt;\">Medizinische und pharmazeutische Fach\u00fcbersetzungen<\/span><\/li>\n<li><span style=\"margin: 0px; color: #000000; font-family: Arial, sans-serif; font-size: 12.5pt;\">\u00dcbersetzungen f\u00fcr Marketing und Wirtschaft<\/span><\/li>\n<li><span style=\"margin: 0px; color: #000000; font-family: Arial, sans-serif; font-size: 12.5pt;\">Finanz\u00fcbersetzungen<\/span><\/li>\n<li><span style=\"margin: 0px; color: #000000; font-family: Arial, sans-serif; font-size: 12.5pt;\">Wissenschaftliche \u00dcbersetzungen<\/span><\/li>\n<li><span style=\"margin: 0px; color: #000000; font-family: Arial, sans-serif; font-size: 12.5pt;\">\u00dcbersetzungen f\u00fcr den Kulturbereich<\/span><\/li>\n<li><span style=\"margin: 0px; color: #000000; font-family: Arial, sans-serif; font-size: 12.5pt;\">Juristische \u00dcbersetzungen<\/span><\/li>\n<li><span style=\"margin: 0px; color: #000000; font-family: Arial, sans-serif; font-size: 12.5pt;\">Technische \u00dcbersetzungen<\/span><\/li>\n<li><span style=\"margin: 0px; color: #000000; font-family: Arial, sans-serif; font-size: 12.5pt;\">\u00dcbersetzungen allgemeiner Unterlagen und amtlicher Dokumente<\/span><\/li>\n<li><span style=\"color: #000000;\"><span style=\"margin: 0px; font-family: Arial, sans-serif; font-size: 12.5pt;\">Websites<\/span><span style=\"margin: 0px; font-family: 'Arial',sans-serif;\"><span style=\"font-size: medium;\">\u00a0<\/span><\/span><\/span><\/li>\n<\/ul>\n<p>Senden Sie uns doch einfach eine <a href=\"mailto:info@furrer-uebersetzungen.ch\"><span style=\"color: #4477aa;\">E-Mail<\/span><\/a> oder rufen Sie uns an unter der\u00a0Telefonnummer <a href=\"tel:41797430276\">079 743 02 76<\/a>.<\/p>\n","protected":false},"excerpt":{"rendered":"<p>Mit unserem Pool an hochprofessionellen muttersprachigen Fach\u00fcbersetzerinnen und Fach\u00fcbersetzern decken wir unter anderem folgende Fachgebiete ab: Medizinische und pharmazeutische Fach\u00fcbersetzungen \u00dcbersetzungen f\u00fcr Marketing und Wirtschaft<\/p>\n","protected":false},"author":1,"featured_media":0,"parent":0,"menu_order":0,"comment_status":"closed","ping_status":"closed","template":"","meta":[],"yoast_head":"<!-- This site is optimized with the Yoast SEO plugin v18.2 - https:\/\/yoast.com\/wordpress\/plugins\/seo\/ -->\n<title>Fachgebiete - Furrer \u00dcbersetzungen<\/title>\n<meta name=\"description\" content=\"Fach\u00fcbersetzungen f\u00fcr medizinische, technische, juristische Texte und vieles mehr.\" \/>\n<meta name=\"robots\" content=\"index, follow, max-snippet:-1, max-image-preview:large, max-video-preview:-1\" \/>\n<link rel=\"canonical\" href=\"https:\/\/furrer-uebersetzungen.ch\/WP\/fachgebiete\/\" \/>\n<meta property=\"og:locale\" content=\"de_DE\" \/>\n<meta property=\"og:type\" content=\"article\" \/>\n<meta property=\"og:title\" content=\"Fachgebiete - Furrer \u00dcbersetzungen\" \/>\n<meta property=\"og:description\" content=\"Fach\u00fcbersetzungen f\u00fcr medizinische, technische, juristische Texte und vieles mehr.\" \/>\n<meta property=\"og:url\" content=\"https:\/\/furrer-uebersetzungen.ch\/WP\/fachgebiete\/\" \/>\n<meta property=\"og:site_name\" content=\"Furrer \u00dcbersetzungen\" \/>\n<meta property=\"article:modified_time\" content=\"2024-02-07T22:27:15+00:00\" \/>\n<meta name=\"twitter:card\" content=\"summary_large_image\" \/>\n<meta name=\"twitter:label1\" content=\"Gesch\u00e4tzte Lesezeit\" \/>\n\t<meta name=\"twitter:data1\" content=\"1\u00a0Minute\" \/>\n<script type=\"application\/ld+json\" class=\"yoast-schema-graph\">{\"@context\":\"https:\/\/schema.org\",\"@graph\":[{\"@type\":\"WebSite\",\"@id\":\"https:\/\/furrer-uebersetzungen.ch\/WP\/#website\",\"url\":\"https:\/\/furrer-uebersetzungen.ch\/WP\/\",\"name\":\"Furrer \u00dcbersetzungen\",\"description\":\"Professionelle \u00dcbersetzungen und Lektorate\",\"potentialAction\":[{\"@type\":\"SearchAction\",\"target\":{\"@type\":\"EntryPoint\",\"urlTemplate\":\"https:\/\/furrer-uebersetzungen.ch\/WP\/?s={search_term_string}\"},\"query-input\":\"required name=search_term_string\"}],\"inLanguage\":\"de\"},{\"@type\":\"WebPage\",\"@id\":\"https:\/\/furrer-uebersetzungen.ch\/WP\/fachgebiete\/#webpage\",\"url\":\"https:\/\/furrer-uebersetzungen.ch\/WP\/fachgebiete\/\",\"name\":\"Fachgebiete - Furrer \u00dcbersetzungen\",\"isPartOf\":{\"@id\":\"https:\/\/furrer-uebersetzungen.ch\/WP\/#website\"},\"datePublished\":\"2017-02-17T09:00:50+00:00\",\"dateModified\":\"2024-02-07T22:27:15+00:00\",\"description\":\"Fach\u00fcbersetzungen f\u00fcr medizinische, technische, juristische Texte und vieles mehr.\",\"breadcrumb\":{\"@id\":\"https:\/\/furrer-uebersetzungen.ch\/WP\/fachgebiete\/#breadcrumb\"},\"inLanguage\":\"de\",\"potentialAction\":[{\"@type\":\"ReadAction\",\"target\":[\"https:\/\/furrer-uebersetzungen.ch\/WP\/fachgebiete\/\"]}]},{\"@type\":\"BreadcrumbList\",\"@id\":\"https:\/\/furrer-uebersetzungen.ch\/WP\/fachgebiete\/#breadcrumb\",\"itemListElement\":[{\"@type\":\"ListItem\",\"position\":1,\"name\":\"Startseite\",\"item\":\"https:\/\/furrer-uebersetzungen.ch\/WP\/\"},{\"@type\":\"ListItem\",\"position\":2,\"name\":\"Fachgebiete\"}]}]}<\/script>\n<!-- \/ Yoast SEO plugin. -->","yoast_head_json":{"title":"Fachgebiete - Furrer \u00dcbersetzungen","description":"Fach\u00fcbersetzungen f\u00fcr medizinische, technische, juristische Texte und vieles mehr.","robots":{"index":"index","follow":"follow","max-snippet":"max-snippet:-1","max-image-preview":"max-image-preview:large","max-video-preview":"max-video-preview:-1"},"canonical":"https:\/\/furrer-uebersetzungen.ch\/WP\/fachgebiete\/","og_locale":"de_DE","og_type":"article","og_title":"Fachgebiete - Furrer \u00dcbersetzungen","og_description":"Fach\u00fcbersetzungen f\u00fcr medizinische, technische, juristische Texte und vieles mehr.","og_url":"https:\/\/furrer-uebersetzungen.ch\/WP\/fachgebiete\/","og_site_name":"Furrer \u00dcbersetzungen","article_modified_time":"2024-02-07T22:27:15+00:00","twitter_card":"summary_large_image","twitter_misc":{"Gesch\u00e4tzte Lesezeit":"1\u00a0Minute"},"schema":{"@context":"https:\/\/schema.org","@graph":[{"@type":"WebSite","@id":"https:\/\/furrer-uebersetzungen.ch\/WP\/#website","url":"https:\/\/furrer-uebersetzungen.ch\/WP\/","name":"Furrer \u00dcbersetzungen","description":"Professionelle \u00dcbersetzungen und Lektorate","potentialAction":[{"@type":"SearchAction","target":{"@type":"EntryPoint","urlTemplate":"https:\/\/furrer-uebersetzungen.ch\/WP\/?s={search_term_string}"},"query-input":"required name=search_term_string"}],"inLanguage":"de"},{"@type":"WebPage","@id":"https:\/\/furrer-uebersetzungen.ch\/WP\/fachgebiete\/#webpage","url":"https:\/\/furrer-uebersetzungen.ch\/WP\/fachgebiete\/","name":"Fachgebiete - Furrer \u00dcbersetzungen","isPartOf":{"@id":"https:\/\/furrer-uebersetzungen.ch\/WP\/#website"},"datePublished":"2017-02-17T09:00:50+00:00","dateModified":"2024-02-07T22:27:15+00:00","description":"Fach\u00fcbersetzungen f\u00fcr medizinische, technische, juristische Texte und vieles mehr.","breadcrumb":{"@id":"https:\/\/furrer-uebersetzungen.ch\/WP\/fachgebiete\/#breadcrumb"},"inLanguage":"de","potentialAction":[{"@type":"ReadAction","target":["https:\/\/furrer-uebersetzungen.ch\/WP\/fachgebiete\/"]}]},{"@type":"BreadcrumbList","@id":"https:\/\/furrer-uebersetzungen.ch\/WP\/fachgebiete\/#breadcrumb","itemListElement":[{"@type":"ListItem","position":1,"name":"Startseite","item":"https:\/\/furrer-uebersetzungen.ch\/WP\/"},{"@type":"ListItem","position":2,"name":"Fachgebiete"}]}]}},"_links":{"self":[{"href":"https:\/\/furrer-uebersetzungen.ch\/WP\/wp-json\/wp\/v2\/pages\/37"}],"collection":[{"href":"https:\/\/furrer-uebersetzungen.ch\/WP\/wp-json\/wp\/v2\/pages"}],"about":[{"href":"https:\/\/furrer-uebersetzungen.ch\/WP\/wp-json\/wp\/v2\/types\/page"}],"author":[{"embeddable":true,"href":"https:\/\/furrer-uebersetzungen.ch\/WP\/wp-json\/wp\/v2\/users\/1"}],"replies":[{"embeddable":true,"href":"https:\/\/furrer-uebersetzungen.ch\/WP\/wp-json\/wp\/v2\/comments?post=37"}],"version-history":[{"count":21,"href":"https:\/\/furrer-uebersetzungen.ch\/WP\/wp-json\/wp\/v2\/pages\/37\/revisions"}],"predecessor-version":[{"id":1130,"href":"https:\/\/furrer-uebersetzungen.ch\/WP\/wp-json\/wp\/v2\/pages\/37\/revisions\/1130"}],"wp:attachment":[{"href":"https:\/\/furrer-uebersetzungen.ch\/WP\/wp-json\/wp\/v2\/media?parent=37"}],"curies":[{"name":"wp","href":"https:\/\/api.w.org\/{rel}","templated":true}]}}