{"id":40,"date":"2017-02-17T09:01:12","date_gmt":"2017-02-17T09:01:12","guid":{"rendered":"https:\/\/furrer-uebersetzungen.ch\/WP\/?page_id=40"},"modified":"2024-02-07T23:28:56","modified_gmt":"2024-02-07T22:28:56","slug":"preise","status":"publish","type":"page","link":"https:\/\/furrer-uebersetzungen.ch\/WP\/preise\/","title":{"rendered":"Preise"},"content":{"rendered":"<p>Wir rechnen unsere \u00dcbersetzungen nach Zeilen \u00e0 50 Zeichen ab. F\u00fcr Korrekturauftr\u00e4ge und andere Sprachprojekte hingegen arbeiten wir im Stundentarif.<\/p>\n<p>R<span style=\"display: inline !important; float: none; background-color: transparent; color: #222222; cursor: text; font-family: 'Roboto',Tahoma,Arial; font-size: 16.93px; font-style: normal; font-variant: normal; font-weight: 400; letter-spacing: normal; orphans: 2; text-align: left; text-decoration: none; text-indent: 0px; text-transform: none; -webkit-text-stroke-width: 0px; white-space: normal; word-spacing: 0px;\">ufen Sie uns an unter der Telefonnummer <\/span><a href=\"tel:41797430276\">079 743 02 76 <\/a>oder senden Sie uns den Text, der \u00fcbersetzt werden soll, in einer <a href=\"mailto:info@furrer-uebersetzungen.ch\">E-Mail<\/a> zu. Gerne erstellen wir Ihnen innerhalb von 24 Stunden ein kostenloses Angebot.<\/p>\n<p>Die Erteilung von Sprachausk\u00fcnften ist f\u00fcr bestehende Kunden kostenlos.<\/p>\n\n\n<p><\/p>\n","protected":false},"excerpt":{"rendered":"<p>Wir rechnen unsere \u00dcbersetzungen nach Zeilen \u00e0 50 Zeichen ab. F\u00fcr Korrekturauftr\u00e4ge und andere Sprachprojekte hingegen arbeiten wir im Stundentarif. Rufen Sie uns an unter<\/p>\n","protected":false},"author":1,"featured_media":0,"parent":0,"menu_order":0,"comment_status":"closed","ping_status":"closed","template":"","meta":[],"yoast_head":"<!-- This site is optimized with the Yoast SEO plugin v18.2 - https:\/\/yoast.com\/wordpress\/plugins\/seo\/ -->\n<title>Preise - Furrer \u00dcbersetzungen<\/title>\n<meta name=\"description\" content=\"G\u00fcnstige \u00dcbersetzungen in Basel. Schreiben Sie uns eine E-Mail oder rufen Sie uns an - Sie erhalten eine kostenlose Offerte.\" \/>\n<meta name=\"robots\" content=\"index, follow, max-snippet:-1, max-image-preview:large, max-video-preview:-1\" \/>\n<link rel=\"canonical\" href=\"https:\/\/furrer-uebersetzungen.ch\/WP\/preise\/\" \/>\n<meta property=\"og:locale\" content=\"de_DE\" \/>\n<meta property=\"og:type\" content=\"article\" \/>\n<meta property=\"og:title\" content=\"Preise - Furrer \u00dcbersetzungen\" \/>\n<meta property=\"og:description\" content=\"G\u00fcnstige \u00dcbersetzungen in Basel. Schreiben Sie uns eine E-Mail oder rufen Sie uns an - Sie erhalten eine kostenlose Offerte.\" \/>\n<meta property=\"og:url\" content=\"https:\/\/furrer-uebersetzungen.ch\/WP\/preise\/\" \/>\n<meta property=\"og:site_name\" content=\"Furrer \u00dcbersetzungen\" \/>\n<meta property=\"article:modified_time\" content=\"2024-02-07T22:28:56+00:00\" \/>\n<meta name=\"twitter:card\" content=\"summary_large_image\" \/>\n<meta name=\"twitter:label1\" content=\"Gesch\u00e4tzte Lesezeit\" \/>\n\t<meta name=\"twitter:data1\" content=\"1\u00a0Minute\" \/>\n<script type=\"application\/ld+json\" class=\"yoast-schema-graph\">{\"@context\":\"https:\/\/schema.org\",\"@graph\":[{\"@type\":\"WebSite\",\"@id\":\"https:\/\/furrer-uebersetzungen.ch\/WP\/#website\",\"url\":\"https:\/\/furrer-uebersetzungen.ch\/WP\/\",\"name\":\"Furrer \u00dcbersetzungen\",\"description\":\"Professionelle \u00dcbersetzungen und Lektorate\",\"potentialAction\":[{\"@type\":\"SearchAction\",\"target\":{\"@type\":\"EntryPoint\",\"urlTemplate\":\"https:\/\/furrer-uebersetzungen.ch\/WP\/?s={search_term_string}\"},\"query-input\":\"required name=search_term_string\"}],\"inLanguage\":\"de\"},{\"@type\":\"WebPage\",\"@id\":\"https:\/\/furrer-uebersetzungen.ch\/WP\/preise\/#webpage\",\"url\":\"https:\/\/furrer-uebersetzungen.ch\/WP\/preise\/\",\"name\":\"Preise - Furrer \u00dcbersetzungen\",\"isPartOf\":{\"@id\":\"https:\/\/furrer-uebersetzungen.ch\/WP\/#website\"},\"datePublished\":\"2017-02-17T09:01:12+00:00\",\"dateModified\":\"2024-02-07T22:28:56+00:00\",\"description\":\"G\u00fcnstige \u00dcbersetzungen in Basel. Schreiben Sie uns eine E-Mail oder rufen Sie uns an - Sie erhalten eine kostenlose Offerte.\",\"breadcrumb\":{\"@id\":\"https:\/\/furrer-uebersetzungen.ch\/WP\/preise\/#breadcrumb\"},\"inLanguage\":\"de\",\"potentialAction\":[{\"@type\":\"ReadAction\",\"target\":[\"https:\/\/furrer-uebersetzungen.ch\/WP\/preise\/\"]}]},{\"@type\":\"BreadcrumbList\",\"@id\":\"https:\/\/furrer-uebersetzungen.ch\/WP\/preise\/#breadcrumb\",\"itemListElement\":[{\"@type\":\"ListItem\",\"position\":1,\"name\":\"Startseite\",\"item\":\"https:\/\/furrer-uebersetzungen.ch\/WP\/\"},{\"@type\":\"ListItem\",\"position\":2,\"name\":\"Preise\"}]}]}<\/script>\n<!-- \/ Yoast SEO plugin. -->","yoast_head_json":{"title":"Preise - Furrer \u00dcbersetzungen","description":"G\u00fcnstige \u00dcbersetzungen in Basel. Schreiben Sie uns eine E-Mail oder rufen Sie uns an - Sie erhalten eine kostenlose Offerte.","robots":{"index":"index","follow":"follow","max-snippet":"max-snippet:-1","max-image-preview":"max-image-preview:large","max-video-preview":"max-video-preview:-1"},"canonical":"https:\/\/furrer-uebersetzungen.ch\/WP\/preise\/","og_locale":"de_DE","og_type":"article","og_title":"Preise - Furrer \u00dcbersetzungen","og_description":"G\u00fcnstige \u00dcbersetzungen in Basel. Schreiben Sie uns eine E-Mail oder rufen Sie uns an - Sie erhalten eine kostenlose Offerte.","og_url":"https:\/\/furrer-uebersetzungen.ch\/WP\/preise\/","og_site_name":"Furrer \u00dcbersetzungen","article_modified_time":"2024-02-07T22:28:56+00:00","twitter_card":"summary_large_image","twitter_misc":{"Gesch\u00e4tzte Lesezeit":"1\u00a0Minute"},"schema":{"@context":"https:\/\/schema.org","@graph":[{"@type":"WebSite","@id":"https:\/\/furrer-uebersetzungen.ch\/WP\/#website","url":"https:\/\/furrer-uebersetzungen.ch\/WP\/","name":"Furrer \u00dcbersetzungen","description":"Professionelle \u00dcbersetzungen und Lektorate","potentialAction":[{"@type":"SearchAction","target":{"@type":"EntryPoint","urlTemplate":"https:\/\/furrer-uebersetzungen.ch\/WP\/?s={search_term_string}"},"query-input":"required name=search_term_string"}],"inLanguage":"de"},{"@type":"WebPage","@id":"https:\/\/furrer-uebersetzungen.ch\/WP\/preise\/#webpage","url":"https:\/\/furrer-uebersetzungen.ch\/WP\/preise\/","name":"Preise - Furrer \u00dcbersetzungen","isPartOf":{"@id":"https:\/\/furrer-uebersetzungen.ch\/WP\/#website"},"datePublished":"2017-02-17T09:01:12+00:00","dateModified":"2024-02-07T22:28:56+00:00","description":"G\u00fcnstige \u00dcbersetzungen in Basel. Schreiben Sie uns eine E-Mail oder rufen Sie uns an - Sie erhalten eine kostenlose Offerte.","breadcrumb":{"@id":"https:\/\/furrer-uebersetzungen.ch\/WP\/preise\/#breadcrumb"},"inLanguage":"de","potentialAction":[{"@type":"ReadAction","target":["https:\/\/furrer-uebersetzungen.ch\/WP\/preise\/"]}]},{"@type":"BreadcrumbList","@id":"https:\/\/furrer-uebersetzungen.ch\/WP\/preise\/#breadcrumb","itemListElement":[{"@type":"ListItem","position":1,"name":"Startseite","item":"https:\/\/furrer-uebersetzungen.ch\/WP\/"},{"@type":"ListItem","position":2,"name":"Preise"}]}]}},"_links":{"self":[{"href":"https:\/\/furrer-uebersetzungen.ch\/WP\/wp-json\/wp\/v2\/pages\/40"}],"collection":[{"href":"https:\/\/furrer-uebersetzungen.ch\/WP\/wp-json\/wp\/v2\/pages"}],"about":[{"href":"https:\/\/furrer-uebersetzungen.ch\/WP\/wp-json\/wp\/v2\/types\/page"}],"author":[{"embeddable":true,"href":"https:\/\/furrer-uebersetzungen.ch\/WP\/wp-json\/wp\/v2\/users\/1"}],"replies":[{"embeddable":true,"href":"https:\/\/furrer-uebersetzungen.ch\/WP\/wp-json\/wp\/v2\/comments?post=40"}],"version-history":[{"count":13,"href":"https:\/\/furrer-uebersetzungen.ch\/WP\/wp-json\/wp\/v2\/pages\/40\/revisions"}],"predecessor-version":[{"id":1126,"href":"https:\/\/furrer-uebersetzungen.ch\/WP\/wp-json\/wp\/v2\/pages\/40\/revisions\/1126"}],"wp:attachment":[{"href":"https:\/\/furrer-uebersetzungen.ch\/WP\/wp-json\/wp\/v2\/media?parent=40"}],"curies":[{"name":"wp","href":"https:\/\/api.w.org\/{rel}","templated":true}]}}