{"id":43,"date":"2017-02-17T09:01:31","date_gmt":"2017-02-17T09:01:31","guid":{"rendered":"https:\/\/furrer-uebersetzungen.ch\/WP\/?page_id=43"},"modified":"2022-02-22T15:43:13","modified_gmt":"2022-02-22T14:43:13","slug":"ueber-uns","status":"publish","type":"page","link":"https:\/\/furrer-uebersetzungen.ch\/WP\/ueber-uns\/","title":{"rendered":"\u00dcber uns"},"content":{"rendered":"<p><strong>Furrer \u00dcbersetzungen <\/strong>wurde im Jahr 2004 in Basel gegr\u00fcndet. Im Auftrag der\u00a0Gesch\u00e4ftsf\u00fchrerin lic. phil. Anna Furrer arbeitet ein Team handverlesener freiberuflicher Fach\u00fcbersetzerinnen und -\u00fcbersetzer in und aus ganz Europa an Ihren Auftr\u00e4gen.<\/p>\n<p><b>Anna Furrer<\/b>, Inhaberin und Gesch\u00e4ftsf\u00fchrerin von <b>Furrer \u00dcbersetzungen<\/b>, hat an den Universit\u00e4ten Basel, Schweiz, und Aarhus, D\u00e4nemark, Sprachen studiert und wirkt seither als \u00dcbersetzerin von literarischen und fachlichen Texten sowie regelm\u00e4ssig als Lehrbeauftragte f\u00fcr D\u00e4nische Sprache an der Universit\u00e4t Basel.<\/p>\n<p><strong><span style=\"display: inline !important; float: none; background-color: transparent; color: #222222; cursor: text; font-family: 'Roboto',Tahoma,Arial; font-size: 16.93px; font-style: normal; font-variant: normal; font-weight: 400; letter-spacing: normal; orphans: 2; text-align: left; text-decoration: none; text-indent: 0px; text-transform: none; -webkit-text-stroke-width: 0px; white-space: normal; word-spacing: 0px;\">Hier finden Sie eine Auswahl an <a href=\"https:\/\/furrer-uebersetzungen.ch\/WP\/referenzen\/\">Referenzen<\/a>.<\/span><\/strong><\/p>\n\n\n<p><\/p>\n","protected":false},"excerpt":{"rendered":"<p>Furrer \u00dcbersetzungen wurde im Jahr 2004 in Basel gegr\u00fcndet. Im Auftrag der\u00a0Gesch\u00e4ftsf\u00fchrerin lic. phil. Anna Furrer arbeitet ein Team handverlesener freiberuflicher Fach\u00fcbersetzerinnen und -\u00fcbersetzer in<\/p>\n","protected":false},"author":1,"featured_media":0,"parent":0,"menu_order":0,"comment_status":"closed","ping_status":"closed","template":"","meta":[],"yoast_head":"<!-- This site is optimized with the Yoast SEO plugin v18.2 - https:\/\/yoast.com\/wordpress\/plugins\/seo\/ -->\n<title>\u00dcber uns - Furrer \u00dcbersetzungen<\/title>\n<meta name=\"description\" content=\"Furrer \u00dcbersetzungen ist ein \u00dcbersetzungsb\u00fcro f\u00fcr alle europ\u00e4ischen Sprachen mit Fokus auf D\u00e4nisch, Norwegisch und Schwedisch.\" \/>\n<meta name=\"robots\" content=\"index, follow, max-snippet:-1, max-image-preview:large, max-video-preview:-1\" \/>\n<link rel=\"canonical\" href=\"https:\/\/furrer-uebersetzungen.ch\/WP\/ueber-uns\/\" \/>\n<meta property=\"og:locale\" content=\"de_DE\" \/>\n<meta property=\"og:type\" content=\"article\" \/>\n<meta property=\"og:title\" content=\"\u00dcber uns - Furrer \u00dcbersetzungen\" \/>\n<meta property=\"og:description\" content=\"Furrer \u00dcbersetzungen ist ein \u00dcbersetzungsb\u00fcro f\u00fcr alle europ\u00e4ischen Sprachen mit Fokus auf D\u00e4nisch, Norwegisch und Schwedisch.\" \/>\n<meta property=\"og:url\" content=\"https:\/\/furrer-uebersetzungen.ch\/WP\/ueber-uns\/\" \/>\n<meta property=\"og:site_name\" content=\"Furrer \u00dcbersetzungen\" \/>\n<meta property=\"article:modified_time\" content=\"2022-02-22T14:43:13+00:00\" \/>\n<meta name=\"twitter:card\" content=\"summary_large_image\" \/>\n<meta name=\"twitter:label1\" content=\"Gesch\u00e4tzte Lesezeit\" \/>\n\t<meta name=\"twitter:data1\" content=\"1\u00a0Minute\" \/>\n<script type=\"application\/ld+json\" class=\"yoast-schema-graph\">{\"@context\":\"https:\/\/schema.org\",\"@graph\":[{\"@type\":\"WebSite\",\"@id\":\"https:\/\/furrer-uebersetzungen.ch\/WP\/#website\",\"url\":\"https:\/\/furrer-uebersetzungen.ch\/WP\/\",\"name\":\"Furrer \u00dcbersetzungen\",\"description\":\"Professionelle \u00dcbersetzungen und Lektorate\",\"potentialAction\":[{\"@type\":\"SearchAction\",\"target\":{\"@type\":\"EntryPoint\",\"urlTemplate\":\"https:\/\/furrer-uebersetzungen.ch\/WP\/?s={search_term_string}\"},\"query-input\":\"required name=search_term_string\"}],\"inLanguage\":\"de\"},{\"@type\":\"WebPage\",\"@id\":\"https:\/\/furrer-uebersetzungen.ch\/WP\/ueber-uns\/#webpage\",\"url\":\"https:\/\/furrer-uebersetzungen.ch\/WP\/ueber-uns\/\",\"name\":\"\u00dcber uns - Furrer \u00dcbersetzungen\",\"isPartOf\":{\"@id\":\"https:\/\/furrer-uebersetzungen.ch\/WP\/#website\"},\"datePublished\":\"2017-02-17T09:01:31+00:00\",\"dateModified\":\"2022-02-22T14:43:13+00:00\",\"description\":\"Furrer \u00dcbersetzungen ist ein \u00dcbersetzungsb\u00fcro f\u00fcr alle europ\u00e4ischen Sprachen mit Fokus auf D\u00e4nisch, Norwegisch und Schwedisch.\",\"breadcrumb\":{\"@id\":\"https:\/\/furrer-uebersetzungen.ch\/WP\/ueber-uns\/#breadcrumb\"},\"inLanguage\":\"de\",\"potentialAction\":[{\"@type\":\"ReadAction\",\"target\":[\"https:\/\/furrer-uebersetzungen.ch\/WP\/ueber-uns\/\"]}]},{\"@type\":\"BreadcrumbList\",\"@id\":\"https:\/\/furrer-uebersetzungen.ch\/WP\/ueber-uns\/#breadcrumb\",\"itemListElement\":[{\"@type\":\"ListItem\",\"position\":1,\"name\":\"Startseite\",\"item\":\"https:\/\/furrer-uebersetzungen.ch\/WP\/\"},{\"@type\":\"ListItem\",\"position\":2,\"name\":\"\u00dcber uns\"}]}]}<\/script>\n<!-- \/ Yoast SEO plugin. -->","yoast_head_json":{"title":"\u00dcber uns - Furrer \u00dcbersetzungen","description":"Furrer \u00dcbersetzungen ist ein \u00dcbersetzungsb\u00fcro f\u00fcr alle europ\u00e4ischen Sprachen mit Fokus auf D\u00e4nisch, Norwegisch und Schwedisch.","robots":{"index":"index","follow":"follow","max-snippet":"max-snippet:-1","max-image-preview":"max-image-preview:large","max-video-preview":"max-video-preview:-1"},"canonical":"https:\/\/furrer-uebersetzungen.ch\/WP\/ueber-uns\/","og_locale":"de_DE","og_type":"article","og_title":"\u00dcber uns - Furrer \u00dcbersetzungen","og_description":"Furrer \u00dcbersetzungen ist ein \u00dcbersetzungsb\u00fcro f\u00fcr alle europ\u00e4ischen Sprachen mit Fokus auf D\u00e4nisch, Norwegisch und Schwedisch.","og_url":"https:\/\/furrer-uebersetzungen.ch\/WP\/ueber-uns\/","og_site_name":"Furrer \u00dcbersetzungen","article_modified_time":"2022-02-22T14:43:13+00:00","twitter_card":"summary_large_image","twitter_misc":{"Gesch\u00e4tzte Lesezeit":"1\u00a0Minute"},"schema":{"@context":"https:\/\/schema.org","@graph":[{"@type":"WebSite","@id":"https:\/\/furrer-uebersetzungen.ch\/WP\/#website","url":"https:\/\/furrer-uebersetzungen.ch\/WP\/","name":"Furrer \u00dcbersetzungen","description":"Professionelle \u00dcbersetzungen und Lektorate","potentialAction":[{"@type":"SearchAction","target":{"@type":"EntryPoint","urlTemplate":"https:\/\/furrer-uebersetzungen.ch\/WP\/?s={search_term_string}"},"query-input":"required name=search_term_string"}],"inLanguage":"de"},{"@type":"WebPage","@id":"https:\/\/furrer-uebersetzungen.ch\/WP\/ueber-uns\/#webpage","url":"https:\/\/furrer-uebersetzungen.ch\/WP\/ueber-uns\/","name":"\u00dcber uns - Furrer \u00dcbersetzungen","isPartOf":{"@id":"https:\/\/furrer-uebersetzungen.ch\/WP\/#website"},"datePublished":"2017-02-17T09:01:31+00:00","dateModified":"2022-02-22T14:43:13+00:00","description":"Furrer \u00dcbersetzungen ist ein \u00dcbersetzungsb\u00fcro f\u00fcr alle europ\u00e4ischen Sprachen mit Fokus auf D\u00e4nisch, Norwegisch und Schwedisch.","breadcrumb":{"@id":"https:\/\/furrer-uebersetzungen.ch\/WP\/ueber-uns\/#breadcrumb"},"inLanguage":"de","potentialAction":[{"@type":"ReadAction","target":["https:\/\/furrer-uebersetzungen.ch\/WP\/ueber-uns\/"]}]},{"@type":"BreadcrumbList","@id":"https:\/\/furrer-uebersetzungen.ch\/WP\/ueber-uns\/#breadcrumb","itemListElement":[{"@type":"ListItem","position":1,"name":"Startseite","item":"https:\/\/furrer-uebersetzungen.ch\/WP\/"},{"@type":"ListItem","position":2,"name":"\u00dcber uns"}]}]}},"_links":{"self":[{"href":"https:\/\/furrer-uebersetzungen.ch\/WP\/wp-json\/wp\/v2\/pages\/43"}],"collection":[{"href":"https:\/\/furrer-uebersetzungen.ch\/WP\/wp-json\/wp\/v2\/pages"}],"about":[{"href":"https:\/\/furrer-uebersetzungen.ch\/WP\/wp-json\/wp\/v2\/types\/page"}],"author":[{"embeddable":true,"href":"https:\/\/furrer-uebersetzungen.ch\/WP\/wp-json\/wp\/v2\/users\/1"}],"replies":[{"embeddable":true,"href":"https:\/\/furrer-uebersetzungen.ch\/WP\/wp-json\/wp\/v2\/comments?post=43"}],"version-history":[{"count":19,"href":"https:\/\/furrer-uebersetzungen.ch\/WP\/wp-json\/wp\/v2\/pages\/43\/revisions"}],"predecessor-version":[{"id":1113,"href":"https:\/\/furrer-uebersetzungen.ch\/WP\/wp-json\/wp\/v2\/pages\/43\/revisions\/1113"}],"wp:attachment":[{"href":"https:\/\/furrer-uebersetzungen.ch\/WP\/wp-json\/wp\/v2\/media?parent=43"}],"curies":[{"name":"wp","href":"https:\/\/api.w.org\/{rel}","templated":true}]}}