{"id":46,"date":"2017-02-17T09:02:10","date_gmt":"2017-02-17T09:02:10","guid":{"rendered":"https:\/\/furrer-uebersetzungen.ch\/WP\/?page_id=46"},"modified":"2019-01-16T09:53:32","modified_gmt":"2019-01-16T09:53:32","slug":"referenzen","status":"publish","type":"page","link":"https:\/\/furrer-uebersetzungen.ch\/WP\/referenzen\/","title":{"rendered":"Referenzen"},"content":{"rendered":"<p><strong>Eine Auswahl an Referenzen<\/strong><\/p>\n<ul>\n<li style=\"margin: 0cm; margin-bottom: .0001pt; box-sizing: border-box; -webkit-text-stroke-width: 0px; word-spacing: 0px;\"><span style=\"margin: 0px; color: #222222; font-family: 'Arial',sans-serif; font-size: 12.5pt;\">advocacy ag; communication and consulting, Basel<\/span><\/li>\n<li style=\"margin: 0cm; margin-bottom: .0001pt; box-sizing: border-box; -webkit-text-stroke-width: 0px; word-spacing: 0px;\"><span style=\"margin: 0px; color: #222222; font-family: 'Arial',sans-serif; font-size: 12.5pt;\">BAK Basel Economics AG, Basel<\/span><\/li>\n<li style=\"margin: 0cm; margin-bottom: .0001pt; box-sizing: border-box; -webkit-text-stroke-width: 0px; word-spacing: 0px;\"><span style=\"margin: 0px; color: #222222; font-family: 'Arial',sans-serif; font-size: 12.5pt;\">eigelb \u2013 Atelier f\u00fcr Gestaltung, Basel<\/span><\/li>\n<li style=\"margin: 0cm; margin-bottom: .0001pt; box-sizing: border-box; -webkit-text-stroke-width: 0px; word-spacing: 0px;\"><span style=\"margin: 0px; color: #222222; font-family: 'Arial',sans-serif; font-size: 12.5pt;\">ffbk Architekten AG, M\u00fcnchenstein\/Basel<\/span><\/li>\n<li style=\"margin: 0cm; margin-bottom: .0001pt; box-sizing: border-box; -webkit-text-stroke-width: 0px; word-spacing: 0px;\"><span style=\"margin: 0px; color: #222222; font-family: 'Arial',sans-serif; font-size: 12.5pt;\">Fluentis GmbH, Z\u00fcrich<\/span><\/li>\n<li style=\"margin: 0cm; margin-bottom: .0001pt; box-sizing: border-box; -webkit-text-stroke-width: 0px; word-spacing: 0px;\">GS1 Switzerland, Bern<\/li>\n<li style=\"margin: 0cm; margin-bottom: .0001pt; box-sizing: border-box; -webkit-text-stroke-width: 0px; word-spacing: 0px;\"><span style=\"margin: 0px; color: #222222; font-family: 'Arial',sans-serif; font-size: 12.5pt;\">Kommunicera Communications AB, Oslo, G\u00f6teborg, Kopenhagen<\/span><\/li>\n<li style=\"margin: 0cm; margin-bottom: .0001pt; box-sizing: border-box; -webkit-text-stroke-width: 0px; word-spacing: 0px;\"><span style=\"margin: 0px; color: #222222; font-family: 'Arial',sans-serif; font-size: 12.5pt;\">MEDIUS AG \u2013 Drug regulatory affairs and development, Muttenz<\/span><\/li>\n<li style=\"margin: 0cm; margin-bottom: .0001pt; box-sizing: border-box; -webkit-text-stroke-width: 0px; word-spacing: 0px;\"><span style=\"margin: 0px; color: #222222; font-family: 'Arial',sans-serif; font-size: 12.5pt;\">Narimpex AG, Biel\/Bienne<\/span><\/li>\n<li style=\"margin: 0cm; margin-bottom: .0001pt; box-sizing: border-box; -webkit-text-stroke-width: 0px; word-spacing: 0px;\"><span style=\"margin: 0px; color: #222222; font-family: 'Arial',sans-serif; font-size: 12.5pt;\">REHAB Basel, Klinik f\u00fcr Neurorehabilitation und Paraplegiologie<\/span><\/li>\n<li style=\"margin: 0cm; margin-bottom: .0001pt; box-sizing: border-box; -webkit-text-stroke-width: 0px; word-spacing: 0px;\"><span style=\"margin: 0px; color: #222222; font-family: 'Arial',sans-serif; font-size: 12.5pt;\">Robert Bosch AG, Solothurn<\/span><\/li>\n<li style=\"margin: 0cm; margin-bottom: .0001pt; box-sizing: border-box; -webkit-text-stroke-width: 0px; word-spacing: 0px;\"><span style=\"margin: 0px; color: #222222; font-family: 'Arial',sans-serif; font-size: 12.5pt;\">SF Schweizer Fernsehen, Z\u00fcrich<\/span><\/li>\n<li>Soziokultur Schweiz, Stiftung f\u00fcr soziokulturelle Entwicklung und Partizipation<\/li>\n<li style=\"margin: 0cm; margin-bottom: .0001pt; box-sizing: border-box; -webkit-text-stroke-width: 0px; word-spacing: 0px;\"><span style=\"margin: 0px; color: #222222; font-family: 'Arial',sans-serif; font-size: 12.5pt;\">swisspeace, Bern<\/span><\/li>\n<li style=\"margin: 0cm; margin-bottom: .0001pt; box-sizing: border-box; -webkit-text-stroke-width: 0px; word-spacing: 0px;\"><span style=\"margin: 0px; color: #222222; font-family: 'Arial',sans-serif; font-size: 12.5pt;\">Sympany AG, Basel<\/span><\/li>\n<li style=\"margin: 0cm; margin-bottom: .0001pt; box-sizing: border-box; -webkit-text-stroke-width: 0px; word-spacing: 0px;\"><span style=\"margin: 0px; color: #222222; font-family: 'Arial',sans-serif; font-size: 12.5pt;\">terre des hommes schweiz<\/span><\/li>\n<\/ul>\n","protected":false},"excerpt":{"rendered":"<p>Eine Auswahl an Referenzen advocacy ag; communication and consulting, Basel BAK Basel Economics AG, Basel eigelb \u2013 Atelier f\u00fcr Gestaltung, Basel ffbk Architekten AG, M\u00fcnchenstein\/Basel<\/p>\n","protected":false},"author":1,"featured_media":0,"parent":0,"menu_order":0,"comment_status":"closed","ping_status":"closed","template":"","meta":[],"yoast_head":"<!-- This site is optimized with the Yoast SEO plugin v18.2 - https:\/\/yoast.com\/wordpress\/plugins\/seo\/ -->\n<title>Referenzen - Furrer \u00dcbersetzungen<\/title>\n<meta name=\"description\" content=\"Zahlreiche Firmen in der Schweiz w\u00e4hlen uns als ihr \u00dcbersetzungsb\u00fcro.\" \/>\n<meta name=\"robots\" content=\"index, follow, max-snippet:-1, max-image-preview:large, max-video-preview:-1\" \/>\n<link rel=\"canonical\" href=\"https:\/\/furrer-uebersetzungen.ch\/WP\/referenzen\/\" \/>\n<meta property=\"og:locale\" content=\"de_DE\" \/>\n<meta property=\"og:type\" content=\"article\" \/>\n<meta property=\"og:title\" content=\"Referenzen - Furrer \u00dcbersetzungen\" \/>\n<meta property=\"og:description\" content=\"Zahlreiche Firmen in der Schweiz w\u00e4hlen uns als ihr \u00dcbersetzungsb\u00fcro.\" \/>\n<meta property=\"og:url\" content=\"https:\/\/furrer-uebersetzungen.ch\/WP\/referenzen\/\" \/>\n<meta property=\"og:site_name\" content=\"Furrer \u00dcbersetzungen\" \/>\n<meta property=\"article:modified_time\" content=\"2019-01-16T09:53:32+00:00\" \/>\n<meta name=\"twitter:card\" content=\"summary_large_image\" \/>\n<script type=\"application\/ld+json\" class=\"yoast-schema-graph\">{\"@context\":\"https:\/\/schema.org\",\"@graph\":[{\"@type\":\"WebSite\",\"@id\":\"https:\/\/furrer-uebersetzungen.ch\/WP\/#website\",\"url\":\"https:\/\/furrer-uebersetzungen.ch\/WP\/\",\"name\":\"Furrer \u00dcbersetzungen\",\"description\":\"Professionelle \u00dcbersetzungen und Lektorate\",\"potentialAction\":[{\"@type\":\"SearchAction\",\"target\":{\"@type\":\"EntryPoint\",\"urlTemplate\":\"https:\/\/furrer-uebersetzungen.ch\/WP\/?s={search_term_string}\"},\"query-input\":\"required name=search_term_string\"}],\"inLanguage\":\"de\"},{\"@type\":\"WebPage\",\"@id\":\"https:\/\/furrer-uebersetzungen.ch\/WP\/referenzen\/#webpage\",\"url\":\"https:\/\/furrer-uebersetzungen.ch\/WP\/referenzen\/\",\"name\":\"Referenzen - Furrer \u00dcbersetzungen\",\"isPartOf\":{\"@id\":\"https:\/\/furrer-uebersetzungen.ch\/WP\/#website\"},\"datePublished\":\"2017-02-17T09:02:10+00:00\",\"dateModified\":\"2019-01-16T09:53:32+00:00\",\"description\":\"Zahlreiche Firmen in der Schweiz w\u00e4hlen uns als ihr \u00dcbersetzungsb\u00fcro.\",\"breadcrumb\":{\"@id\":\"https:\/\/furrer-uebersetzungen.ch\/WP\/referenzen\/#breadcrumb\"},\"inLanguage\":\"de\",\"potentialAction\":[{\"@type\":\"ReadAction\",\"target\":[\"https:\/\/furrer-uebersetzungen.ch\/WP\/referenzen\/\"]}]},{\"@type\":\"BreadcrumbList\",\"@id\":\"https:\/\/furrer-uebersetzungen.ch\/WP\/referenzen\/#breadcrumb\",\"itemListElement\":[{\"@type\":\"ListItem\",\"position\":1,\"name\":\"Startseite\",\"item\":\"https:\/\/furrer-uebersetzungen.ch\/WP\/\"},{\"@type\":\"ListItem\",\"position\":2,\"name\":\"Referenzen\"}]}]}<\/script>\n<!-- \/ Yoast SEO plugin. -->","yoast_head_json":{"title":"Referenzen - Furrer \u00dcbersetzungen","description":"Zahlreiche Firmen in der Schweiz w\u00e4hlen uns als ihr \u00dcbersetzungsb\u00fcro.","robots":{"index":"index","follow":"follow","max-snippet":"max-snippet:-1","max-image-preview":"max-image-preview:large","max-video-preview":"max-video-preview:-1"},"canonical":"https:\/\/furrer-uebersetzungen.ch\/WP\/referenzen\/","og_locale":"de_DE","og_type":"article","og_title":"Referenzen - Furrer \u00dcbersetzungen","og_description":"Zahlreiche Firmen in der Schweiz w\u00e4hlen uns als ihr \u00dcbersetzungsb\u00fcro.","og_url":"https:\/\/furrer-uebersetzungen.ch\/WP\/referenzen\/","og_site_name":"Furrer \u00dcbersetzungen","article_modified_time":"2019-01-16T09:53:32+00:00","twitter_card":"summary_large_image","schema":{"@context":"https:\/\/schema.org","@graph":[{"@type":"WebSite","@id":"https:\/\/furrer-uebersetzungen.ch\/WP\/#website","url":"https:\/\/furrer-uebersetzungen.ch\/WP\/","name":"Furrer \u00dcbersetzungen","description":"Professionelle \u00dcbersetzungen und Lektorate","potentialAction":[{"@type":"SearchAction","target":{"@type":"EntryPoint","urlTemplate":"https:\/\/furrer-uebersetzungen.ch\/WP\/?s={search_term_string}"},"query-input":"required name=search_term_string"}],"inLanguage":"de"},{"@type":"WebPage","@id":"https:\/\/furrer-uebersetzungen.ch\/WP\/referenzen\/#webpage","url":"https:\/\/furrer-uebersetzungen.ch\/WP\/referenzen\/","name":"Referenzen - Furrer \u00dcbersetzungen","isPartOf":{"@id":"https:\/\/furrer-uebersetzungen.ch\/WP\/#website"},"datePublished":"2017-02-17T09:02:10+00:00","dateModified":"2019-01-16T09:53:32+00:00","description":"Zahlreiche Firmen in der Schweiz w\u00e4hlen uns als ihr \u00dcbersetzungsb\u00fcro.","breadcrumb":{"@id":"https:\/\/furrer-uebersetzungen.ch\/WP\/referenzen\/#breadcrumb"},"inLanguage":"de","potentialAction":[{"@type":"ReadAction","target":["https:\/\/furrer-uebersetzungen.ch\/WP\/referenzen\/"]}]},{"@type":"BreadcrumbList","@id":"https:\/\/furrer-uebersetzungen.ch\/WP\/referenzen\/#breadcrumb","itemListElement":[{"@type":"ListItem","position":1,"name":"Startseite","item":"https:\/\/furrer-uebersetzungen.ch\/WP\/"},{"@type":"ListItem","position":2,"name":"Referenzen"}]}]}},"_links":{"self":[{"href":"https:\/\/furrer-uebersetzungen.ch\/WP\/wp-json\/wp\/v2\/pages\/46"}],"collection":[{"href":"https:\/\/furrer-uebersetzungen.ch\/WP\/wp-json\/wp\/v2\/pages"}],"about":[{"href":"https:\/\/furrer-uebersetzungen.ch\/WP\/wp-json\/wp\/v2\/types\/page"}],"author":[{"embeddable":true,"href":"https:\/\/furrer-uebersetzungen.ch\/WP\/wp-json\/wp\/v2\/users\/1"}],"replies":[{"embeddable":true,"href":"https:\/\/furrer-uebersetzungen.ch\/WP\/wp-json\/wp\/v2\/comments?post=46"}],"version-history":[{"count":12,"href":"https:\/\/furrer-uebersetzungen.ch\/WP\/wp-json\/wp\/v2\/pages\/46\/revisions"}],"predecessor-version":[{"id":1059,"href":"https:\/\/furrer-uebersetzungen.ch\/WP\/wp-json\/wp\/v2\/pages\/46\/revisions\/1059"}],"wp:attachment":[{"href":"https:\/\/furrer-uebersetzungen.ch\/WP\/wp-json\/wp\/v2\/media?parent=46"}],"curies":[{"name":"wp","href":"https:\/\/api.w.org\/{rel}","templated":true}]}}