{"id":49,"date":"2017-02-17T09:02:57","date_gmt":"2017-02-17T09:02:57","guid":{"rendered":"https:\/\/furrer-uebersetzungen.ch\/WP\/?page_id=49"},"modified":"2024-02-07T23:45:22","modified_gmt":"2024-02-07T22:45:22","slug":"kontakt","status":"publish","type":"page","link":"https:\/\/furrer-uebersetzungen.ch\/WP\/kontakt\/","title":{"rendered":"Kontakt"},"content":{"rendered":"<p><span style=\"display: inline !important; float: none; background-color: transparent; color: #222222; cursor: text; font-family: 'Roboto',Tahoma,Arial; font-size: 16.93px; font-style: normal; font-variant: normal; font-weight: 400; letter-spacing: normal; orphans: 2; text-align: left; text-decoration: none; text-indent: 0px; text-transform: none; -webkit-text-stroke-width: 0px; white-space: normal; word-spacing: 0px;\"><span class=\"untertitelgrau\">Furrer \u00dcbersetzungen<\/span><span class=\"lauftext\"><br \/>Schweizeraustrasse 44, CH-4132 Muttenz<br \/>Telefon <span style=\"color: #3e72ad;\"><u><a href=\"tel:41797430276\">079 743 02 76<\/a><\/u><\/span><br \/><a href=\"mailto:info@furrer-uebersetzungen.ch\" target=\"_blank\" rel=\"noopener\">E-Mail<\/a><\/span><\/span><\/p>\n\n\n<p><\/p>\n","protected":false},"excerpt":{"rendered":"<p>Furrer \u00dcbersetzungenSchweizeraustrasse 44, CH-4132 MuttenzTelefon 079 743 02 76E-Mail<\/p>\n","protected":false},"author":1,"featured_media":0,"parent":0,"menu_order":0,"comment_status":"closed","ping_status":"closed","template":"","meta":[],"yoast_head":"<!-- This site is optimized with the Yoast SEO plugin v18.2 - https:\/\/yoast.com\/wordpress\/plugins\/seo\/ -->\n<title>Kontakt - Furrer \u00dcbersetzungen<\/title>\n<meta name=\"description\" content=\"Sie ben\u00f6tigen eine \u00dcbersetzung ins Deutsche, Englische, Franz\u00f6sische, Italienische, Spanische und vieles mehr: So kommen Sie mit uns in Kontakt!\" \/>\n<meta name=\"robots\" content=\"index, follow, max-snippet:-1, max-image-preview:large, max-video-preview:-1\" \/>\n<link rel=\"canonical\" href=\"https:\/\/furrer-uebersetzungen.ch\/WP\/kontakt\/\" \/>\n<meta property=\"og:locale\" content=\"de_DE\" \/>\n<meta property=\"og:type\" content=\"article\" \/>\n<meta property=\"og:title\" content=\"Kontakt - Furrer \u00dcbersetzungen\" \/>\n<meta property=\"og:description\" content=\"Sie ben\u00f6tigen eine \u00dcbersetzung ins Deutsche, Englische, Franz\u00f6sische, Italienische, Spanische und vieles mehr: So kommen Sie mit uns in Kontakt!\" \/>\n<meta property=\"og:url\" content=\"https:\/\/furrer-uebersetzungen.ch\/WP\/kontakt\/\" \/>\n<meta property=\"og:site_name\" content=\"Furrer \u00dcbersetzungen\" \/>\n<meta property=\"article:modified_time\" content=\"2024-02-07T22:45:22+00:00\" \/>\n<meta name=\"twitter:card\" content=\"summary_large_image\" \/>\n<meta name=\"twitter:label1\" content=\"Gesch\u00e4tzte Lesezeit\" \/>\n\t<meta name=\"twitter:data1\" content=\"1\u00a0Minute\" \/>\n<script type=\"application\/ld+json\" class=\"yoast-schema-graph\">{\"@context\":\"https:\/\/schema.org\",\"@graph\":[{\"@type\":\"WebSite\",\"@id\":\"https:\/\/furrer-uebersetzungen.ch\/WP\/#website\",\"url\":\"https:\/\/furrer-uebersetzungen.ch\/WP\/\",\"name\":\"Furrer \u00dcbersetzungen\",\"description\":\"Professionelle \u00dcbersetzungen und Lektorate\",\"potentialAction\":[{\"@type\":\"SearchAction\",\"target\":{\"@type\":\"EntryPoint\",\"urlTemplate\":\"https:\/\/furrer-uebersetzungen.ch\/WP\/?s={search_term_string}\"},\"query-input\":\"required name=search_term_string\"}],\"inLanguage\":\"de\"},{\"@type\":\"WebPage\",\"@id\":\"https:\/\/furrer-uebersetzungen.ch\/WP\/kontakt\/#webpage\",\"url\":\"https:\/\/furrer-uebersetzungen.ch\/WP\/kontakt\/\",\"name\":\"Kontakt - Furrer \u00dcbersetzungen\",\"isPartOf\":{\"@id\":\"https:\/\/furrer-uebersetzungen.ch\/WP\/#website\"},\"datePublished\":\"2017-02-17T09:02:57+00:00\",\"dateModified\":\"2024-02-07T22:45:22+00:00\",\"description\":\"Sie ben\u00f6tigen eine \u00dcbersetzung ins Deutsche, Englische, Franz\u00f6sische, Italienische, Spanische und vieles mehr: So kommen Sie mit uns in Kontakt!\",\"breadcrumb\":{\"@id\":\"https:\/\/furrer-uebersetzungen.ch\/WP\/kontakt\/#breadcrumb\"},\"inLanguage\":\"de\",\"potentialAction\":[{\"@type\":\"ReadAction\",\"target\":[\"https:\/\/furrer-uebersetzungen.ch\/WP\/kontakt\/\"]}]},{\"@type\":\"BreadcrumbList\",\"@id\":\"https:\/\/furrer-uebersetzungen.ch\/WP\/kontakt\/#breadcrumb\",\"itemListElement\":[{\"@type\":\"ListItem\",\"position\":1,\"name\":\"Startseite\",\"item\":\"https:\/\/furrer-uebersetzungen.ch\/WP\/\"},{\"@type\":\"ListItem\",\"position\":2,\"name\":\"Kontakt\"}]}]}<\/script>\n<!-- \/ Yoast SEO plugin. -->","yoast_head_json":{"title":"Kontakt - Furrer \u00dcbersetzungen","description":"Sie ben\u00f6tigen eine \u00dcbersetzung ins Deutsche, Englische, Franz\u00f6sische, Italienische, Spanische und vieles mehr: So kommen Sie mit uns in Kontakt!","robots":{"index":"index","follow":"follow","max-snippet":"max-snippet:-1","max-image-preview":"max-image-preview:large","max-video-preview":"max-video-preview:-1"},"canonical":"https:\/\/furrer-uebersetzungen.ch\/WP\/kontakt\/","og_locale":"de_DE","og_type":"article","og_title":"Kontakt - Furrer \u00dcbersetzungen","og_description":"Sie ben\u00f6tigen eine \u00dcbersetzung ins Deutsche, Englische, Franz\u00f6sische, Italienische, Spanische und vieles mehr: So kommen Sie mit uns in Kontakt!","og_url":"https:\/\/furrer-uebersetzungen.ch\/WP\/kontakt\/","og_site_name":"Furrer \u00dcbersetzungen","article_modified_time":"2024-02-07T22:45:22+00:00","twitter_card":"summary_large_image","twitter_misc":{"Gesch\u00e4tzte Lesezeit":"1\u00a0Minute"},"schema":{"@context":"https:\/\/schema.org","@graph":[{"@type":"WebSite","@id":"https:\/\/furrer-uebersetzungen.ch\/WP\/#website","url":"https:\/\/furrer-uebersetzungen.ch\/WP\/","name":"Furrer \u00dcbersetzungen","description":"Professionelle \u00dcbersetzungen und Lektorate","potentialAction":[{"@type":"SearchAction","target":{"@type":"EntryPoint","urlTemplate":"https:\/\/furrer-uebersetzungen.ch\/WP\/?s={search_term_string}"},"query-input":"required name=search_term_string"}],"inLanguage":"de"},{"@type":"WebPage","@id":"https:\/\/furrer-uebersetzungen.ch\/WP\/kontakt\/#webpage","url":"https:\/\/furrer-uebersetzungen.ch\/WP\/kontakt\/","name":"Kontakt - Furrer \u00dcbersetzungen","isPartOf":{"@id":"https:\/\/furrer-uebersetzungen.ch\/WP\/#website"},"datePublished":"2017-02-17T09:02:57+00:00","dateModified":"2024-02-07T22:45:22+00:00","description":"Sie ben\u00f6tigen eine \u00dcbersetzung ins Deutsche, Englische, Franz\u00f6sische, Italienische, Spanische und vieles mehr: So kommen Sie mit uns in Kontakt!","breadcrumb":{"@id":"https:\/\/furrer-uebersetzungen.ch\/WP\/kontakt\/#breadcrumb"},"inLanguage":"de","potentialAction":[{"@type":"ReadAction","target":["https:\/\/furrer-uebersetzungen.ch\/WP\/kontakt\/"]}]},{"@type":"BreadcrumbList","@id":"https:\/\/furrer-uebersetzungen.ch\/WP\/kontakt\/#breadcrumb","itemListElement":[{"@type":"ListItem","position":1,"name":"Startseite","item":"https:\/\/furrer-uebersetzungen.ch\/WP\/"},{"@type":"ListItem","position":2,"name":"Kontakt"}]}]}},"_links":{"self":[{"href":"https:\/\/furrer-uebersetzungen.ch\/WP\/wp-json\/wp\/v2\/pages\/49"}],"collection":[{"href":"https:\/\/furrer-uebersetzungen.ch\/WP\/wp-json\/wp\/v2\/pages"}],"about":[{"href":"https:\/\/furrer-uebersetzungen.ch\/WP\/wp-json\/wp\/v2\/types\/page"}],"author":[{"embeddable":true,"href":"https:\/\/furrer-uebersetzungen.ch\/WP\/wp-json\/wp\/v2\/users\/1"}],"replies":[{"embeddable":true,"href":"https:\/\/furrer-uebersetzungen.ch\/WP\/wp-json\/wp\/v2\/comments?post=49"}],"version-history":[{"count":30,"href":"https:\/\/furrer-uebersetzungen.ch\/WP\/wp-json\/wp\/v2\/pages\/49\/revisions"}],"predecessor-version":[{"id":1132,"href":"https:\/\/furrer-uebersetzungen.ch\/WP\/wp-json\/wp\/v2\/pages\/49\/revisions\/1132"}],"wp:attachment":[{"href":"https:\/\/furrer-uebersetzungen.ch\/WP\/wp-json\/wp\/v2\/media?parent=49"}],"curies":[{"name":"wp","href":"https:\/\/api.w.org\/{rel}","templated":true}]}}