{"id":583,"date":"2018-03-06T10:01:47","date_gmt":"2018-03-06T10:01:47","guid":{"rendered":"https:\/\/furrer-uebersetzungen.ch\/WP\/?page_id=583"},"modified":"2024-02-07T23:25:57","modified_gmt":"2024-02-07T22:25:57","slug":"sprachen","status":"publish","type":"page","link":"https:\/\/furrer-uebersetzungen.ch\/WP\/sprachen\/","title":{"rendered":"Sprachen"},"content":{"rendered":"<p><span style=\"margin: 0px; color: #222222; font-family: 'Arial',sans-serif; font-size: 12.5pt;\">Alle unsere \u00dcbersetzungen werden durch muttersprachige \u00dcbersetzerinnen und \u00dcbersetzer\u00a0angefertigt, denn nur sie haben das notwendige Gesp\u00fcr f\u00fcr alle Feinheiten der Sprache. Somit k\u00f6nnen Sie jederzeit mit sprachlich, fachlich und stilistisch einwandfreien \u00dcbersetzungen rechnen.<\/span><\/p>\n<p><strong>In unserem Angebot befinden sich die folgenden Sprachen in allen m\u00f6glichen Kombinationen:<\/strong><\/p>\n<ul>\n<li>Deutsch<\/li>\n<li>Englisch<\/li>\n<li>Franz\u00f6sisch<\/li>\n<li>Italienisch<\/li>\n<li>Spanisch<\/li>\n<li>Portugiesisch<\/li>\n<li>D\u00e4nisch<\/li>\n<li>Schwedisch<\/li>\n<li>Norwegisch<\/li>\n<li>Isl\u00e4ndisch<\/li>\n<li>Niederl\u00e4ndisch<\/li>\n<\/ul>\n<p>Schreiben Sie uns eine <a href=\"mailto:info@furrer-uebersetzungen.ch\" target=\"_blank\" rel=\"noopener\">E-Mail<\/a> oder rufen Sie uns an unter der Telefonnummer <a href=\"tel:41797430276\">079 743 02 76<\/a>. Wir sind gerne f\u00fcr Sie da.<\/p>\n\n\n<p><\/p>\n","protected":false},"excerpt":{"rendered":"<p>Alle unsere \u00dcbersetzungen werden durch muttersprachige \u00dcbersetzerinnen und \u00dcbersetzer\u00a0angefertigt, denn nur sie haben das notwendige Gesp\u00fcr f\u00fcr alle Feinheiten der Sprache. Somit k\u00f6nnen Sie jederzeit<\/p>\n","protected":false},"author":1,"featured_media":0,"parent":0,"menu_order":0,"comment_status":"closed","ping_status":"closed","template":"","meta":[],"yoast_head":"<!-- This site is optimized with the Yoast SEO plugin v18.2 - https:\/\/yoast.com\/wordpress\/plugins\/seo\/ -->\n<title>Sprachen - Furrer \u00dcbersetzungen<\/title>\n<meta name=\"description\" content=\"Fachgerechte \u00dcbersetzungen in und aus allen europ\u00e4ischen Sprachen. Alles aus einer Hand!\" \/>\n<meta name=\"robots\" content=\"index, follow, max-snippet:-1, max-image-preview:large, max-video-preview:-1\" \/>\n<link rel=\"canonical\" href=\"https:\/\/furrer-uebersetzungen.ch\/WP\/sprachen\/\" \/>\n<meta property=\"og:locale\" content=\"de_DE\" \/>\n<meta property=\"og:type\" content=\"article\" \/>\n<meta property=\"og:title\" content=\"Sprachen - Furrer \u00dcbersetzungen\" \/>\n<meta property=\"og:description\" content=\"Fachgerechte \u00dcbersetzungen in und aus allen europ\u00e4ischen Sprachen. Alles aus einer Hand!\" \/>\n<meta property=\"og:url\" content=\"https:\/\/furrer-uebersetzungen.ch\/WP\/sprachen\/\" \/>\n<meta property=\"og:site_name\" content=\"Furrer \u00dcbersetzungen\" \/>\n<meta property=\"article:modified_time\" content=\"2024-02-07T22:25:57+00:00\" \/>\n<meta name=\"twitter:card\" content=\"summary_large_image\" \/>\n<meta name=\"twitter:label1\" content=\"Gesch\u00e4tzte Lesezeit\" \/>\n\t<meta name=\"twitter:data1\" content=\"1\u00a0Minute\" \/>\n<script type=\"application\/ld+json\" class=\"yoast-schema-graph\">{\"@context\":\"https:\/\/schema.org\",\"@graph\":[{\"@type\":\"WebSite\",\"@id\":\"https:\/\/furrer-uebersetzungen.ch\/WP\/#website\",\"url\":\"https:\/\/furrer-uebersetzungen.ch\/WP\/\",\"name\":\"Furrer \u00dcbersetzungen\",\"description\":\"Professionelle \u00dcbersetzungen und Lektorate\",\"potentialAction\":[{\"@type\":\"SearchAction\",\"target\":{\"@type\":\"EntryPoint\",\"urlTemplate\":\"https:\/\/furrer-uebersetzungen.ch\/WP\/?s={search_term_string}\"},\"query-input\":\"required name=search_term_string\"}],\"inLanguage\":\"de\"},{\"@type\":\"WebPage\",\"@id\":\"https:\/\/furrer-uebersetzungen.ch\/WP\/sprachen\/#webpage\",\"url\":\"https:\/\/furrer-uebersetzungen.ch\/WP\/sprachen\/\",\"name\":\"Sprachen - Furrer \u00dcbersetzungen\",\"isPartOf\":{\"@id\":\"https:\/\/furrer-uebersetzungen.ch\/WP\/#website\"},\"datePublished\":\"2018-03-06T10:01:47+00:00\",\"dateModified\":\"2024-02-07T22:25:57+00:00\",\"description\":\"Fachgerechte \u00dcbersetzungen in und aus allen europ\u00e4ischen Sprachen. Alles aus einer Hand!\",\"breadcrumb\":{\"@id\":\"https:\/\/furrer-uebersetzungen.ch\/WP\/sprachen\/#breadcrumb\"},\"inLanguage\":\"de\",\"potentialAction\":[{\"@type\":\"ReadAction\",\"target\":[\"https:\/\/furrer-uebersetzungen.ch\/WP\/sprachen\/\"]}]},{\"@type\":\"BreadcrumbList\",\"@id\":\"https:\/\/furrer-uebersetzungen.ch\/WP\/sprachen\/#breadcrumb\",\"itemListElement\":[{\"@type\":\"ListItem\",\"position\":1,\"name\":\"Startseite\",\"item\":\"https:\/\/furrer-uebersetzungen.ch\/WP\/\"},{\"@type\":\"ListItem\",\"position\":2,\"name\":\"Sprachen\"}]}]}<\/script>\n<!-- \/ Yoast SEO plugin. -->","yoast_head_json":{"title":"Sprachen - Furrer \u00dcbersetzungen","description":"Fachgerechte \u00dcbersetzungen in und aus allen europ\u00e4ischen Sprachen. Alles aus einer Hand!","robots":{"index":"index","follow":"follow","max-snippet":"max-snippet:-1","max-image-preview":"max-image-preview:large","max-video-preview":"max-video-preview:-1"},"canonical":"https:\/\/furrer-uebersetzungen.ch\/WP\/sprachen\/","og_locale":"de_DE","og_type":"article","og_title":"Sprachen - Furrer \u00dcbersetzungen","og_description":"Fachgerechte \u00dcbersetzungen in und aus allen europ\u00e4ischen Sprachen. Alles aus einer Hand!","og_url":"https:\/\/furrer-uebersetzungen.ch\/WP\/sprachen\/","og_site_name":"Furrer \u00dcbersetzungen","article_modified_time":"2024-02-07T22:25:57+00:00","twitter_card":"summary_large_image","twitter_misc":{"Gesch\u00e4tzte Lesezeit":"1\u00a0Minute"},"schema":{"@context":"https:\/\/schema.org","@graph":[{"@type":"WebSite","@id":"https:\/\/furrer-uebersetzungen.ch\/WP\/#website","url":"https:\/\/furrer-uebersetzungen.ch\/WP\/","name":"Furrer \u00dcbersetzungen","description":"Professionelle \u00dcbersetzungen und Lektorate","potentialAction":[{"@type":"SearchAction","target":{"@type":"EntryPoint","urlTemplate":"https:\/\/furrer-uebersetzungen.ch\/WP\/?s={search_term_string}"},"query-input":"required name=search_term_string"}],"inLanguage":"de"},{"@type":"WebPage","@id":"https:\/\/furrer-uebersetzungen.ch\/WP\/sprachen\/#webpage","url":"https:\/\/furrer-uebersetzungen.ch\/WP\/sprachen\/","name":"Sprachen - Furrer \u00dcbersetzungen","isPartOf":{"@id":"https:\/\/furrer-uebersetzungen.ch\/WP\/#website"},"datePublished":"2018-03-06T10:01:47+00:00","dateModified":"2024-02-07T22:25:57+00:00","description":"Fachgerechte \u00dcbersetzungen in und aus allen europ\u00e4ischen Sprachen. Alles aus einer Hand!","breadcrumb":{"@id":"https:\/\/furrer-uebersetzungen.ch\/WP\/sprachen\/#breadcrumb"},"inLanguage":"de","potentialAction":[{"@type":"ReadAction","target":["https:\/\/furrer-uebersetzungen.ch\/WP\/sprachen\/"]}]},{"@type":"BreadcrumbList","@id":"https:\/\/furrer-uebersetzungen.ch\/WP\/sprachen\/#breadcrumb","itemListElement":[{"@type":"ListItem","position":1,"name":"Startseite","item":"https:\/\/furrer-uebersetzungen.ch\/WP\/"},{"@type":"ListItem","position":2,"name":"Sprachen"}]}]}},"_links":{"self":[{"href":"https:\/\/furrer-uebersetzungen.ch\/WP\/wp-json\/wp\/v2\/pages\/583"}],"collection":[{"href":"https:\/\/furrer-uebersetzungen.ch\/WP\/wp-json\/wp\/v2\/pages"}],"about":[{"href":"https:\/\/furrer-uebersetzungen.ch\/WP\/wp-json\/wp\/v2\/types\/page"}],"author":[{"embeddable":true,"href":"https:\/\/furrer-uebersetzungen.ch\/WP\/wp-json\/wp\/v2\/users\/1"}],"replies":[{"embeddable":true,"href":"https:\/\/furrer-uebersetzungen.ch\/WP\/wp-json\/wp\/v2\/comments?post=583"}],"version-history":[{"count":30,"href":"https:\/\/furrer-uebersetzungen.ch\/WP\/wp-json\/wp\/v2\/pages\/583\/revisions"}],"predecessor-version":[{"id":1127,"href":"https:\/\/furrer-uebersetzungen.ch\/WP\/wp-json\/wp\/v2\/pages\/583\/revisions\/1127"}],"wp:attachment":[{"href":"https:\/\/furrer-uebersetzungen.ch\/WP\/wp-json\/wp\/v2\/media?parent=583"}],"curies":[{"name":"wp","href":"https:\/\/api.w.org\/{rel}","templated":true}]}}