{"id":999,"date":"2019-01-14T13:57:21","date_gmt":"2019-01-14T13:57:21","guid":{"rendered":"https:\/\/furrer-uebersetzungen.ch\/WP\/?page_id=999"},"modified":"2024-02-07T23:50:37","modified_gmt":"2024-02-07T22:50:37","slug":"datenschutzerklaerung","status":"publish","type":"page","link":"https:\/\/furrer-uebersetzungen.ch\/WP\/datenschutzerklaerung\/","title":{"rendered":"Datenschutzerkl\u00e4rung"},"content":{"rendered":"\n<p>Verantwortliche Stelle im Sinne der\nDatenschutzgesetze, insbesondere der EU-Datenschutzgrundverordnung (DSGVO),\nist:<\/p>\n\n\n\n<p>Furrer \u00dcbersetzungen<br>Anna Furrer<br>Schweizeraustrasse 44<br>4132 Muttenz<\/p>\n\n\n\n<p>Telefon: <a href=\"tel:41797430276\">079 743 02 76<\/a><br>E-Mail: <a href=\"mailto:info@furrer-uebersetzungen.ch\">info@furrer-uebersetzungen.ch<\/a><br>Website: <a href=\"http:\/\/furrer-uebersetzungen.ch\/\">www.furrer-uebersetzungen.ch<\/a><\/p>\n\n\n\n<p><strong>Allgemeiner Hinweis<\/strong><\/p>\n\n\n\n<p>Gest\u00fctzt auf Artikel 13 der schweizerischen\nBundesverfassung und die datenschutzrechtlichen Bestimmungen des Bundes\n(Datenschutzgesetz, DSG) hat jede Person Anspruch auf Schutz ihrer Privatsph\u00e4re\nsowie auf Schutz vor Missbrauch ihrer pers\u00f6nlichen Daten. Die Betreiber dieser\nSeiten nehmen den Schutz Ihrer pers\u00f6nlichen Daten sehr ernst. Wir behandeln\nIhre personenbezogenen Daten vertraulich und entsprechend der gesetzlichen\nDatenschutzvorschriften sowie dieser Datenschutzerkl\u00e4rung.<\/p>\n\n\n\n<p>In Zusammenarbeit mit unseren Hosting-Providern\nbem\u00fchen wir uns, die Datenbanken so gut wie m\u00f6glich vor fremden Zugriffen,\nVerlusten, Missbrauch oder vor F\u00e4lschung zu sch\u00fctzen.<\/p>\n\n\n\n<p>Wir weisen darauf hin, dass die Daten\u00fcbertragung im\nInternet (z.B. bei der Kommunikation per E-Mail) Sicherheitsl\u00fccken aufweisen\nkann. Ein l\u00fcckenloser Schutz der Daten vor dem Zugriff durch Dritte ist nicht\nm\u00f6glich.<\/p>\n\n\n\n<p>Durch die Nutzung dieser WebSite erkl\u00e4ren Sie sich mit\nder Erhebung, Verarbeitung und Nutzung von Daten gem\u00e4ss der nachfolgenden\nBeschreibung einverstanden. Diese WebSite kann grunds\u00e4tzlich ohne Registrierung\nbesucht werden. Dabei werden Daten wie beispielsweise aufgerufene Seiten bzw.\nNamen der abgerufenen Datei, Datum und Uhrzeit zu statistischen Zwecken auf dem\nServer gespeichert, ohne dass diese Daten unmittelbar auf Ihre Person bezogen\nwerden. Personenbezogene Daten, insbesondere Name, Adresse oder E-Mail-Adresse\nwerden soweit m\u00f6glich auf freiwilliger Basis erhoben. Ohne Ihre Einwilligung\nerfolgt keine Weitergabe der Daten an Dritte.<\/p>\n\n\n\n<p><strong>Bearbeitung von Personendaten<\/strong><\/p>\n\n\n\n<p>Personendaten sind alle Angaben, die sich auf eine\nbestimmte oder bestimmbare Person beziehen. Eine betroffene Person ist eine\nPerson, \u00fcber die Personendaten bearbeitet werden. Bearbeiten umfasst jeden\nUmgang mit Personendaten, unabh\u00e4ngig von den angewandten Mitteln und Verfahren,\ninsbesondere das Aufbewahren, Bekanntgeben, Beschaffen, L\u00f6schen, Speichern,\nVer\u00e4ndern, Vernichten und Verwenden von Personendaten.<\/p>\n\n\n\n<p>Wir bearbeiten Personendaten im Einklang mit dem\nschweizerischen Datenschutzrecht. Im \u00dcbrigen bearbeiten wir \u2013 soweit und sofern\ndie EU-DSGVO anwendbar ist \u2013 Personendaten gem\u00e4ss folgenden Rechtsgrundlagen im\nZusammenhang mit Art. 6 Abs. 1 DSGVO:<\/p>\n\n\n\n<ul><li>lit. a) Bearbeitung von Personendaten mit Einwilligung der\n     betroffenen Person.<\/li><li>lit. b) Bearbeitung von Personendaten zur Erf\u00fcllung eines Vertrages\n     mit der betroffenen Person sowie zur Durchf\u00fchrung entsprechender\n     vorvertraglicher Massnahmen.<\/li><li>lit. c) Bearbeitung von Personendaten zur Erf\u00fcllung einer\n     rechtlichen Verpflichtung, der wir gem\u00e4ss allenfalls anwendbarem Recht der\n     EU oder gem\u00e4ss allenfalls anwendbarem Recht eines Landes, in dem die DSGVO\n     ganz oder teilweise anwendbar ist, unterliegen.<\/li><li>lit. d) Bearbeitung von Personendaten um lebenswichtige Interessen\n     der betroffenen Person oder einer anderen nat\u00fcrlichen Person zu sch\u00fctzen.<\/li><li>lit. f) Bearbeitung von Personendaten um die berechtigten\n     Interessen von uns oder von Dritten zu wahren, sofern nicht die Grundfreiheiten\n     und Grundrechte sowie Interessen der betroffenen Person \u00fcberwiegen.\n     Berechtigte Interessen sind insbesondere unser betriebswirtschaftliches\n     Interesse, unsere Website bereitstellen zu k\u00f6nnen, die\n     Informationssicherheit, die Durchsetzung von eigenen rechtlichen\n     Anspr\u00fcchen und die Einhaltung von schweizerischem Recht.<\/li><\/ul>\n\n\n\n<p>Wir bearbeiten Personendaten f\u00fcr jene Dauer, die\nf\u00fcr den jeweiligen Zweck oder die jeweiligen Zwecke erforderlich ist. Bei\nl\u00e4nger dauernden Aufbewahrungspflichten aufgrund von gesetzlichen und sonstigen\nPflichten, denen wir unterliegen, schr\u00e4nken wir die Bearbeitung entsprechend\nein.<\/p>\n\n\n\n<p><strong>Daten\u00fcbertragungssicherheit (ohne SSL)<\/strong><\/p>\n\n\n\n<p>Bitte beachten Sie, dass Daten, die \u00fcber ein\noffenes Netz wie das Internet oder einen E-Mail-Dienst ohne SSL-Verschl\u00fcsselung\n\u00fcbermittelt werden, f\u00fcr jedermann einsehbar sind. Eine unverschl\u00fcsselte\nVerbindung erkennen Sie daran, dass die Adresszeile des Browsers\n&#8222;http:\/\/&#8220; anzeigt und kein Schloss-Symbol in Ihrer Browserzeile\nangezeigt wird. Informationen die \u00fcber das Internet \u00fcbertragen werden und\nonline empfangene Inhalte, k\u00f6nnen unter Umst\u00e4nden \u00fcber Netze von Drittanbietern\n\u00fcbermittelt werden. Wir k\u00f6nnen die Vertraulichkeit von Mitteilungen oder\nUnterlagen, die \u00fcber solche offenen Netze oder Netze von Drittanbietern\n\u00fcbermittelt werden, nicht garantieren.<\/p>\n\n\n\n<p>Wenn Sie \u00fcber ein offenes Netz oder Netze von\nDrittanbietern personenbezogene Informationen bekannt geben, sollten Sie sich\nder Tatsache bewusst sein, dass Ihre Daten verloren gehen oder Dritte\npotenziell auf diese Informationen zugreifen und folglich die Daten ohne Ihre\nZustimmung sammeln und nutzen k\u00f6nnen. Zwar werden in vielen F\u00e4llen die\neinzelnen Datenpakete verschl\u00fcsselt \u00fcbermittelt, nicht aber die Namen des\nAbsenders und des Empf\u00e4ngers. Selbst wenn der Absender und der Empf\u00e4nger im\ngleichen Land wohnen, erfolgt die Daten\u00fcbermittlung \u00fcber solche Netze h\u00e4ufig\nund ohne Kontrollen auch \u00fcber Drittstaaten, d.h. auch \u00fcber L\u00e4nder, die nicht\ndas gleiche Datenschutzniveau bieten wie Ihr Domizilland. Wir \u00fcbernehmen f\u00fcr\ndie Sicherheit Ihrer Daten w\u00e4hrend der \u00dcbermittlung \u00fcber das Internet keine\nVerantwortung und lehnen jede Haftung f\u00fcr mittelbare und unmittelbare Verluste\nab. Wir bitten Sie, andere Kommunikationsmittel zu benutzen, sollten Sie dies\naus Gr\u00fcnden der Sicherheit f\u00fcr notwendig oder vern\u00fcnftig erachten.<\/p>\n\n\n\n<p>Trotz umfangreicher technischer und\norganisatorischer Sicherungsvorkehrungen, k\u00f6nnen m\u00f6glicherweise Daten verloren\ngehen oder von Unbefugten abgefangen und\/oder manipuliert werden. Wir treffen\nsoweit m\u00f6glich geeignete technische und organisatorische Sicherheitsmassnahmen,\num dies innerhalb unseres Systems zu verhindern. Ihr Computer befindet sich\nindessen ausserhalb des von uns kontrollierbaren Sicherheitsbereichs. Es\nobliegt Ihnen als Benutzer, sich \u00fcber die erforderlichen\nSicherheitsvorkehrungen zu informieren und diesbez\u00fcglich geeignete Massnahmen\nzu treffen. Als Website-Betreiber haften wir keinesfalls f\u00fcr Sch\u00e4den, die Ihnen\naus Datenverlust oder -manipulation entstehen k\u00f6nnen.<\/p>\n\n\n\n<p>Daten welche Sie in Online-Formularen angeben,\nk\u00f6nnen zwecks Auftragsabwicklung an beauftragte Dritte weitergegeben und von\ndiesen eingesehen und allenfalls bearbeitet werden.<\/p>\n\n\n\n<p><strong>Kostenpflichtige Leistungen<\/strong><\/p>\n\n\n\n<p>Zur Erbringung kostenpflichtiger Leistungen werden\nvon uns zus\u00e4tzliche Daten erfragt, wie z.B. Zahlungsangaben, um Ihre Bestellung\nresp. Ihren Auftrag ausf\u00fchren zu k\u00f6nnen. Wir speichern diese Daten in unseren\nSystemen, bis die gesetzlichen Aufbewahrungsfristen abgelaufen sind.<\/p>\n\n\n\n<p><strong>Verwendung von Google Maps<\/strong><\/p>\n\n\n\n<p>Diese WebSite verwendet Google Maps API, um\ngeographische Informationen visuell darzustellen. Bei der Nutzung von Google\nMaps werden von Google auch Daten \u00fcber die Nutzung der Kartenfunktionen durch\nBesucher erhoben, verarbeitet und genutzt. N\u00e4here Informationen \u00fcber die\nDatenverarbeitung durch Google k\u00f6nnen Sie <a href=\"http:\/\/www.google.com\/privacypolicy.html\" target=\"_blank\" rel=\"noreferrer noopener\">den\nGoogle-Datenschutzhinweisen<\/a>\nentnehmen. Dort k\u00f6nnen Sie im Datenschutzcenter auch Ihre pers\u00f6nlichen\nDatenschutz-Einstellungen ver\u00e4ndern.<\/p>\n\n\n\n<p>Ausf\u00fchrliche Anleitungen zur Verwaltung der eigenen\nDaten im Zusammenhang mit Google-Produkten <a href=\"http:\/\/www.dataliberation.org\/\" target=\"_blank\" rel=\"noreferrer noopener\">finden Sie hier<\/a>.<\/p>\n\n\n\n<p><strong>Urheberrechte<\/strong><\/p>\n\n\n\n<p>Die Urheber- und alle anderen Rechte an Inhalten,\nBildern, Fotos oder anderen Dateien auf der Website, geh\u00f6ren ausschliesslich\ndem Betreiber dieser Website oder den speziell genannten Rechteinhabern. F\u00fcr\ndie Reproduktion von s\u00e4mtlichen Dateien, ist die schriftliche Zustimmung des\nUrheberrechtstr\u00e4gers im Voraus einzuholen.<\/p>\n\n\n\n<p>Wer ohne Einwilligung des jeweiligen Rechteinhabers\neine Urheberrechtsverletzung begeht, kann sich strafbar und allenfalls\nSchadenersatzpflichtig machen.<\/p>\n\n\n\n<p><strong>Allgemeiner Haftungsausschluss<\/strong><\/p>\n\n\n\n<p>Alle Angaben unseres Internetangebotes wurden\nsorgf\u00e4ltig gepr\u00fcft. Wir bem\u00fchen uns, unser Informationsangebot aktuell,\ninhaltlich richtig und vollst\u00e4ndig anzubieten. Trotzdem kann das Auftreten von\nFehlern nicht v\u00f6llig ausgeschlossen werden, womit wir keine Garantie f\u00fcr\nVollst\u00e4ndigkeit, Richtigkeit und Aktualit\u00e4t von Informationen auch\njournalistisch-redaktioneller Art \u00fcbernehmen k\u00f6nnen. Haftungsanspr\u00fcche aus\nSch\u00e4den materieller oder ideeller Art, die durch die Nutzung der angebotenen\nInformationen verursacht wurden, sind ausgeschlossen, sofern kein nachweislich\nvors\u00e4tzliches oder grob fahrl\u00e4ssiges Verschulden vorliegt.<\/p>\n\n\n\n<p>Der Herausgeber kann nach eigenem Ermessen und ohne\nAnk\u00fcndigung Texte ver\u00e4ndern oder l\u00f6schen und ist nicht verpflichtet, Inhalte\ndieser Website zu aktualisieren. Die Benutzung bzw. der Zugang zu dieser\nWebsite geschieht auf eigene Gefahr des Besuchers. Der Herausgeber, seine\nAuftraggeber oder Partner sind nicht verantwortlich f\u00fcr Sch\u00e4den, wie direkte,\nindirekte, zuf\u00e4llige, vorab konkret zu bestimmende oder Folgesch\u00e4den, die\nangeblich durch den Besuch dieser Website entstanden sind und \u00fcbernehmen\nhierf\u00fcr folglich keine Haftung.<\/p>\n\n\n\n<p>Der Herausgeber \u00fcbernimmt ebenfalls keine\nVerantwortung und Haftung f\u00fcr die Inhalte und die Verf\u00fcgbarkeit von Webseiten\nDritter, die \u00fcber externe Links dieser Webseite erreichbar sind. F\u00fcr den Inhalt\nder verlinkten Seiten sind ausschliesslich deren Betreiber verantwortlich. Der\nHerausgeber distanziert sich damit ausdr\u00fccklich von allen Inhalten Dritter, die\nm\u00f6glicherweise straf- oder haftungsrechtlich relevant sind oder gegen die guten\nSitten verstossen.<\/p>\n\n\n\n<p><strong>\u00c4nderungen<\/strong><\/p>\n\n\n\n<p>Wir k\u00f6nnen diese Datenschutzerkl\u00e4rung jederzeit\nohne Vorank\u00fcndigung anpassen. Es gilt die jeweils aktuelle, auf unserer Website\npublizierte Fassung. Soweit die Datenschutzerkl\u00e4rung Teil einer Vereinbarung\nmit Ihnen ist, werden wir Sie im Falle einer Aktualisierung \u00fcber die \u00c4nderung\nper E-Mail oder auf andere geeignete Weise informieren.<\/p>\n\n\n\n<p><strong>Fragen an den Datenschutzbeauftragten<\/strong><\/p>\n\n\n\n<p>Wenn Sie Fragen zum Datenschutz haben, schreiben\nSie uns bitte eine E-Mail oder wenden Sie sich direkt an die f\u00fcr den\nDatenschutz zu Beginn der Datenschutzerkl\u00e4rung aufgef\u00fchrten, verantwortlichen\nPerson in unserer Organisation.<\/p>\n\n\n\n<p>Basel, 14.01.2019<br>Quelle: <a href=\"https:\/\/www.swissanwalt.ch\/\" target=\"_blank\" rel=\"noreferrer noopener\">Datenschutz-Generator von SwissAnwalt<\/a><br><\/p>\n","protected":false},"excerpt":{"rendered":"<p>Verantwortliche Stelle im Sinne der Datenschutzgesetze, insbesondere der EU-Datenschutzgrundverordnung (DSGVO), ist: Furrer \u00dcbersetzungenAnna FurrerSchweizeraustrasse 444132 Muttenz Telefon: 079 743 02 76E-Mail: info@furrer-uebersetzungen.chWebsite: www.furrer-uebersetzungen.ch Allgemeiner Hinweis<\/p>\n","protected":false},"author":1,"featured_media":0,"parent":0,"menu_order":0,"comment_status":"closed","ping_status":"closed","template":"","meta":[],"yoast_head":"<!-- This site is optimized with the Yoast SEO plugin v18.2 - https:\/\/yoast.com\/wordpress\/plugins\/seo\/ -->\n<title>Datenschutzerkl\u00e4rung - Furrer \u00dcbersetzungen<\/title>\n<meta name=\"description\" content=\"Datenschutz f\u00fcr Ihre \u00dcbersetzungen\" \/>\n<meta name=\"robots\" content=\"index, follow, max-snippet:-1, max-image-preview:large, max-video-preview:-1\" \/>\n<link rel=\"canonical\" href=\"https:\/\/furrer-uebersetzungen.ch\/WP\/datenschutzerklaerung\/\" \/>\n<meta property=\"og:locale\" content=\"de_DE\" \/>\n<meta property=\"og:type\" content=\"article\" \/>\n<meta property=\"og:title\" content=\"Datenschutzerkl\u00e4rung - Furrer \u00dcbersetzungen\" \/>\n<meta property=\"og:description\" content=\"Datenschutz f\u00fcr Ihre \u00dcbersetzungen\" \/>\n<meta property=\"og:url\" content=\"https:\/\/furrer-uebersetzungen.ch\/WP\/datenschutzerklaerung\/\" \/>\n<meta property=\"og:site_name\" content=\"Furrer \u00dcbersetzungen\" \/>\n<meta property=\"article:modified_time\" content=\"2024-02-07T22:50:37+00:00\" \/>\n<meta name=\"twitter:card\" content=\"summary_large_image\" \/>\n<meta name=\"twitter:label1\" content=\"Gesch\u00e4tzte Lesezeit\" \/>\n\t<meta name=\"twitter:data1\" content=\"8\u00a0Minuten\" \/>\n<script type=\"application\/ld+json\" class=\"yoast-schema-graph\">{\"@context\":\"https:\/\/schema.org\",\"@graph\":[{\"@type\":\"WebSite\",\"@id\":\"https:\/\/furrer-uebersetzungen.ch\/WP\/#website\",\"url\":\"https:\/\/furrer-uebersetzungen.ch\/WP\/\",\"name\":\"Furrer \u00dcbersetzungen\",\"description\":\"Professionelle \u00dcbersetzungen und Lektorate\",\"potentialAction\":[{\"@type\":\"SearchAction\",\"target\":{\"@type\":\"EntryPoint\",\"urlTemplate\":\"https:\/\/furrer-uebersetzungen.ch\/WP\/?s={search_term_string}\"},\"query-input\":\"required name=search_term_string\"}],\"inLanguage\":\"de\"},{\"@type\":\"WebPage\",\"@id\":\"https:\/\/furrer-uebersetzungen.ch\/WP\/datenschutzerklaerung\/#webpage\",\"url\":\"https:\/\/furrer-uebersetzungen.ch\/WP\/datenschutzerklaerung\/\",\"name\":\"Datenschutzerkl\u00e4rung - Furrer \u00dcbersetzungen\",\"isPartOf\":{\"@id\":\"https:\/\/furrer-uebersetzungen.ch\/WP\/#website\"},\"datePublished\":\"2019-01-14T13:57:21+00:00\",\"dateModified\":\"2024-02-07T22:50:37+00:00\",\"description\":\"Datenschutz f\u00fcr Ihre \u00dcbersetzungen\",\"breadcrumb\":{\"@id\":\"https:\/\/furrer-uebersetzungen.ch\/WP\/datenschutzerklaerung\/#breadcrumb\"},\"inLanguage\":\"de\",\"potentialAction\":[{\"@type\":\"ReadAction\",\"target\":[\"https:\/\/furrer-uebersetzungen.ch\/WP\/datenschutzerklaerung\/\"]}]},{\"@type\":\"BreadcrumbList\",\"@id\":\"https:\/\/furrer-uebersetzungen.ch\/WP\/datenschutzerklaerung\/#breadcrumb\",\"itemListElement\":[{\"@type\":\"ListItem\",\"position\":1,\"name\":\"Startseite\",\"item\":\"https:\/\/furrer-uebersetzungen.ch\/WP\/\"},{\"@type\":\"ListItem\",\"position\":2,\"name\":\"Datenschutzerkl\u00e4rung\"}]}]}<\/script>\n<!-- \/ Yoast SEO plugin. -->","yoast_head_json":{"title":"Datenschutzerkl\u00e4rung - Furrer \u00dcbersetzungen","description":"Datenschutz f\u00fcr Ihre \u00dcbersetzungen","robots":{"index":"index","follow":"follow","max-snippet":"max-snippet:-1","max-image-preview":"max-image-preview:large","max-video-preview":"max-video-preview:-1"},"canonical":"https:\/\/furrer-uebersetzungen.ch\/WP\/datenschutzerklaerung\/","og_locale":"de_DE","og_type":"article","og_title":"Datenschutzerkl\u00e4rung - Furrer \u00dcbersetzungen","og_description":"Datenschutz f\u00fcr Ihre \u00dcbersetzungen","og_url":"https:\/\/furrer-uebersetzungen.ch\/WP\/datenschutzerklaerung\/","og_site_name":"Furrer \u00dcbersetzungen","article_modified_time":"2024-02-07T22:50:37+00:00","twitter_card":"summary_large_image","twitter_misc":{"Gesch\u00e4tzte Lesezeit":"8\u00a0Minuten"},"schema":{"@context":"https:\/\/schema.org","@graph":[{"@type":"WebSite","@id":"https:\/\/furrer-uebersetzungen.ch\/WP\/#website","url":"https:\/\/furrer-uebersetzungen.ch\/WP\/","name":"Furrer \u00dcbersetzungen","description":"Professionelle \u00dcbersetzungen und Lektorate","potentialAction":[{"@type":"SearchAction","target":{"@type":"EntryPoint","urlTemplate":"https:\/\/furrer-uebersetzungen.ch\/WP\/?s={search_term_string}"},"query-input":"required name=search_term_string"}],"inLanguage":"de"},{"@type":"WebPage","@id":"https:\/\/furrer-uebersetzungen.ch\/WP\/datenschutzerklaerung\/#webpage","url":"https:\/\/furrer-uebersetzungen.ch\/WP\/datenschutzerklaerung\/","name":"Datenschutzerkl\u00e4rung - Furrer \u00dcbersetzungen","isPartOf":{"@id":"https:\/\/furrer-uebersetzungen.ch\/WP\/#website"},"datePublished":"2019-01-14T13:57:21+00:00","dateModified":"2024-02-07T22:50:37+00:00","description":"Datenschutz f\u00fcr Ihre \u00dcbersetzungen","breadcrumb":{"@id":"https:\/\/furrer-uebersetzungen.ch\/WP\/datenschutzerklaerung\/#breadcrumb"},"inLanguage":"de","potentialAction":[{"@type":"ReadAction","target":["https:\/\/furrer-uebersetzungen.ch\/WP\/datenschutzerklaerung\/"]}]},{"@type":"BreadcrumbList","@id":"https:\/\/furrer-uebersetzungen.ch\/WP\/datenschutzerklaerung\/#breadcrumb","itemListElement":[{"@type":"ListItem","position":1,"name":"Startseite","item":"https:\/\/furrer-uebersetzungen.ch\/WP\/"},{"@type":"ListItem","position":2,"name":"Datenschutzerkl\u00e4rung"}]}]}},"_links":{"self":[{"href":"https:\/\/furrer-uebersetzungen.ch\/WP\/wp-json\/wp\/v2\/pages\/999"}],"collection":[{"href":"https:\/\/furrer-uebersetzungen.ch\/WP\/wp-json\/wp\/v2\/pages"}],"about":[{"href":"https:\/\/furrer-uebersetzungen.ch\/WP\/wp-json\/wp\/v2\/types\/page"}],"author":[{"embeddable":true,"href":"https:\/\/furrer-uebersetzungen.ch\/WP\/wp-json\/wp\/v2\/users\/1"}],"replies":[{"embeddable":true,"href":"https:\/\/furrer-uebersetzungen.ch\/WP\/wp-json\/wp\/v2\/comments?post=999"}],"version-history":[{"count":7,"href":"https:\/\/furrer-uebersetzungen.ch\/WP\/wp-json\/wp\/v2\/pages\/999\/revisions"}],"predecessor-version":[{"id":1133,"href":"https:\/\/furrer-uebersetzungen.ch\/WP\/wp-json\/wp\/v2\/pages\/999\/revisions\/1133"}],"wp:attachment":[{"href":"https:\/\/furrer-uebersetzungen.ch\/WP\/wp-json\/wp\/v2\/media?parent=999"}],"curies":[{"name":"wp","href":"https:\/\/api.w.org\/{rel}","templated":true}]}}